{"id":425,"date":"2021-05-12T05:15:06","date_gmt":"2021-05-12T05:15:06","guid":{"rendered":"https:\/\/innosergo.com\/?page_id=425"},"modified":"2022-11-04T14:36:58","modified_gmt":"2022-11-04T13:36:58","slug":"accueil","status":"publish","type":"page","link":"https:\/\/innosergo.com\/","title":{"rendered":"Accueil"},"content":{"rendered":"\n<div class=\"wp-block-cover alignfull\" style=\"min-height:90vh\"><span aria-hidden=\"true\" class=\"wp-block-cover__background has-ast-global-color-0-background-color has-background-dim-40 has-background-dim\"><\/span><img loading=\"lazy\" width=\"1920\" height=\"2560\" class=\"wp-block-cover__image-background wp-image-487\" alt=\"\" src=\"https:\/\/innosergo.com\/wp-content\/uploads\/2022\/09\/IMG_2473-scaled.jpeg\" style=\"object-position:63% 72%\" data-object-fit=\"cover\" data-object-position=\"63% 72%\" srcset=\"https:\/\/innosergo.com\/wp-content\/uploads\/2022\/09\/IMG_2473-scaled.jpeg 1920w, https:\/\/innosergo.com\/wp-content\/uploads\/2022\/09\/IMG_2473-225x300.jpeg 225w, https:\/\/innosergo.com\/wp-content\/uploads\/2022\/09\/IMG_2473-768x1024.jpeg 768w, https:\/\/innosergo.com\/wp-content\/uploads\/2022\/09\/IMG_2473-1152x1536.jpeg 1152w, https:\/\/innosergo.com\/wp-content\/uploads\/2022\/09\/IMG_2473-1536x2048.jpeg 1536w\" sizes=\"(max-width: 1920px) 100vw, 1920px\" \/><div class=\"wp-block-cover__inner-container\">\n<p class=\"has-ast-global-color-6-color has-text-color has-background\" style=\"background-color:#ffffff63;font-size:30px\"><strong>Une nouvelle exp\u00e9rience pour les golfeurs,&nbsp;<\/strong><br><strong>des clients plus nombreux et plus fid\u00e8les,&nbsp;<\/strong><br><strong>ce qui assure une meilleure rentabilit\u00e9 des golfs.<\/strong><\/p>\n\n\n\n<p><\/p>\n<\/div><\/div>\n\n\n\n<div class=\"wp-container-1 is-nowrap wp-block-group\"><\/div>\n\n\n\n<div class=\"wp-container-5 wp-block-columns\">\n<div class=\"wp-container-3 wp-block-column\">\n<figure class=\"wp-block-image size-large\"><img loading=\"lazy\" width=\"768\" height=\"1024\" src=\"https:\/\/innosergo.com\/wp-content\/uploads\/2022\/09\/IMG_2618-768x1024.jpeg\" alt=\"\" class=\"wp-image-523\" srcset=\"https:\/\/innosergo.com\/wp-content\/uploads\/2022\/09\/IMG_2618-768x1024.jpeg 768w, https:\/\/innosergo.com\/wp-content\/uploads\/2022\/09\/IMG_2618-225x300.jpeg 225w, https:\/\/innosergo.com\/wp-content\/uploads\/2022\/09\/IMG_2618-1152x1536.jpeg 1152w, https:\/\/innosergo.com\/wp-content\/uploads\/2022\/09\/IMG_2618-1536x2048.jpeg 1536w, https:\/\/innosergo.com\/wp-content\/uploads\/2022\/09\/IMG_2618-scaled.jpeg 1920w\" sizes=\"(max-width: 768px) 100vw, 768px\" \/><\/figure>\n\n\n\n<p><strong>Olivier PAUWELS et Arnaud BALBIN ont \u00e9t\u00e9 tous les deux managers dans des groupes internationaux, mais surtout chacun de leur c\u00f4t\u00e9, ont pr\u00e9sid\u00e9 des associations de golfeurs et organis\u00e9 de multiples \u00e9v\u00e9nements autour de ce sport. Ils se rencontrent en 2017 \u00e0 l\u2019occasion d\u2019une comp\u00e9tition de golf entre leurs associations sur le parcours d&rsquo;Aa-Saint-Omer. Depuis, ils se sont associ\u00e9s.<\/strong><\/p>\n\n\n\n<div class=\"wp-container-2 wp-block-buttons\">\n<div class=\"wp-block-button\"><a class=\"wp-block-button__link\" href=\"https:\/\/innosergo.com\/?page_id=426\">en savoir plus <\/a><\/div>\n<\/div>\n<\/div>\n\n\n\n<div class=\"wp-container-4 wp-block-column\">\n<h2>D\u00e9couvrez l&rsquo;exp\u00e9rience Innosergo<\/h2>\n\n\n\n<p><strong>INNOSERGO propose aux organisateurs d&rsquo;\u00e9v\u00e9nements golfiques et aux exploitants de parcours de golf des solutions innovantes, destin\u00e9es \u00e0 am\u00e9liorer l&rsquo;exp\u00e9rience de leurs clients golfeurs. Bas\u00e9s sur des outils de digitalisation, de g\u00e9olocalisation et de calculs algorithmiques en temps r\u00e9el, ces nouveaux services contribuent \u00e0 une plus grande satisfaction des clients et \u00e0 une meilleure profitabilit\u00e9 des activit\u00e9s des exploitants.<\/strong><\/p>\n\n\n\n<figure class=\"wp-block-image size-large\"><img loading=\"lazy\" width=\"768\" height=\"1024\" src=\"https:\/\/innosergo.com\/wp-content\/uploads\/2022\/09\/IMG_2340-768x1024.jpeg\" alt=\"\" class=\"wp-image-501\" srcset=\"https:\/\/innosergo.com\/wp-content\/uploads\/2022\/09\/IMG_2340-768x1024.jpeg 768w, https:\/\/innosergo.com\/wp-content\/uploads\/2022\/09\/IMG_2340-225x300.jpeg 225w, https:\/\/innosergo.com\/wp-content\/uploads\/2022\/09\/IMG_2340-1152x1536.jpeg 1152w, https:\/\/innosergo.com\/wp-content\/uploads\/2022\/09\/IMG_2340-1536x2048.jpeg 1536w, https:\/\/innosergo.com\/wp-content\/uploads\/2022\/09\/IMG_2340-scaled.jpeg 1920w\" sizes=\"(max-width: 768px) 100vw, 768px\" \/><\/figure>\n<\/div>\n<\/div>\n\n\n\n<hr class=\"wp-block-separator has-text-color has-ast-global-color-6-color has-alpha-channel-opacity has-ast-global-color-6-background-color has-background is-style-wide\"\/>\n\n\n\n<div class=\"wp-container-9 wp-block-columns\">\n<div class=\"wp-container-6 wp-block-column\" style=\"flex-basis:66.66%\">\n<h2>Services Innosergo<\/h2>\n<\/div>\n\n\n\n<div class=\"wp-container-8 wp-block-column\" style=\"flex-basis:33.33%\">\n<div class=\"wp-container-7 wp-block-buttons\">\n<div class=\"wp-block-button\"><a class=\"wp-block-button__link\" href=\"https:\/\/innosergo.com\/?page_id=12\">tout voir<\/a><\/div>\n<\/div>\n<\/div>\n<\/div>\n\n\n\n<div class=\"wp-container-16 wp-block-columns\">\n<div class=\"wp-container-11 wp-block-column\">\n<figure class=\"wp-block-image size-large\"><img loading=\"lazy\" width=\"768\" height=\"1024\" src=\"https:\/\/innosergo.com\/wp-content\/uploads\/2022\/09\/IMG_2328-768x1024.jpeg\" alt=\"\" class=\"wp-image-505\" srcset=\"https:\/\/innosergo.com\/wp-content\/uploads\/2022\/09\/IMG_2328-768x1024.jpeg 768w, https:\/\/innosergo.com\/wp-content\/uploads\/2022\/09\/IMG_2328-225x300.jpeg 225w, https:\/\/innosergo.com\/wp-content\/uploads\/2022\/09\/IMG_2328-1152x1536.jpeg 1152w, https:\/\/innosergo.com\/wp-content\/uploads\/2022\/09\/IMG_2328-1536x2048.jpeg 1536w, https:\/\/innosergo.com\/wp-content\/uploads\/2022\/09\/IMG_2328-scaled.jpeg 1920w\" sizes=\"(max-width: 768px) 100vw, 768px\" \/><\/figure>\n\n\n\n<h3>Innoscore<\/h3>\n\n\n\n<p>Exp\u00e9rience unique, r\u00e9sultats des scores en direct de la partie <\/p>\n\n\n\n<div class=\"wp-container-10 wp-block-buttons\">\n<div class=\"wp-block-button\"><a class=\"wp-block-button__link\" href=\"https:\/\/innosergo.com\/?page_id=464\">en savoir plus<\/a><\/div>\n<\/div>\n<\/div>\n\n\n\n<div class=\"wp-container-13 wp-block-column\">\n<figure class=\"wp-block-image size-large\"><img loading=\"lazy\" width=\"768\" height=\"1024\" src=\"https:\/\/innosergo.com\/wp-content\/uploads\/2022\/09\/IMG_2685-768x1024.jpeg\" alt=\"\" class=\"wp-image-541\" srcset=\"https:\/\/innosergo.com\/wp-content\/uploads\/2022\/09\/IMG_2685-768x1024.jpeg 768w, https:\/\/innosergo.com\/wp-content\/uploads\/2022\/09\/IMG_2685-225x300.jpeg 225w, https:\/\/innosergo.com\/wp-content\/uploads\/2022\/09\/IMG_2685-1152x1536.jpeg 1152w, https:\/\/innosergo.com\/wp-content\/uploads\/2022\/09\/IMG_2685-1536x2048.jpeg 1536w, https:\/\/innosergo.com\/wp-content\/uploads\/2022\/09\/IMG_2685-scaled.jpeg 1920w\" sizes=\"(max-width: 768px) 100vw, 768px\" \/><\/figure>\n\n\n\n<h3>Innoflag<\/h3>\n\n\n\n<p>Distance exacte du boitier au drapeau, remplace les jumelles et montre gps <\/p>\n\n\n\n<div class=\"wp-container-12 wp-block-buttons\">\n<div class=\"wp-block-button\"><a class=\"wp-block-button__link\" href=\"https:\/\/innosergo.com\/?page_id=466\">En savoir plus<\/a><\/div>\n<\/div>\n<\/div>\n\n\n\n<div class=\"wp-container-15 wp-block-column\">\n<figure class=\"wp-block-image size-large\"><img loading=\"lazy\" width=\"768\" height=\"1024\" src=\"https:\/\/innosergo.com\/wp-content\/uploads\/2022\/09\/IMG_2540-768x1024.jpeg\" alt=\"\" class=\"wp-image-529\" srcset=\"https:\/\/innosergo.com\/wp-content\/uploads\/2022\/09\/IMG_2540-768x1024.jpeg 768w, https:\/\/innosergo.com\/wp-content\/uploads\/2022\/09\/IMG_2540-225x300.jpeg 225w, https:\/\/innosergo.com\/wp-content\/uploads\/2022\/09\/IMG_2540-1152x1536.jpeg 1152w, https:\/\/innosergo.com\/wp-content\/uploads\/2022\/09\/IMG_2540-1536x2048.jpeg 1536w, https:\/\/innosergo.com\/wp-content\/uploads\/2022\/09\/IMG_2540-scaled.jpeg 1920w\" sizes=\"(max-width: 768px) 100vw, 768px\" \/><\/figure>\n\n\n\n<h3>Innoflow<\/h3>\n\n\n\n<p>Calcule la vitesse des joueurs sur le parcours, et donne leurs positions exacte <\/p>\n\n\n\n<div class=\"wp-container-14 wp-block-buttons\">\n<div class=\"wp-block-button\"><a class=\"wp-block-button__link\" href=\"https:\/\/innosergo.com\/?page_id=468\">en savoir plus<\/a><\/div>\n<\/div>\n<\/div>\n<\/div>\n\n\n\n<hr class=\"wp-block-separator has-text-color has-ast-global-color-6-color has-alpha-channel-opacity has-ast-global-color-6-background-color has-background is-style-wide\"\/>\n\n\n\n<div class=\"wp-container-20 wp-block-columns\">\n<div class=\"wp-container-17 wp-block-column\" style=\"flex-basis:66.66%\">\n<h2 style=\"line-height:2\">Actualit\u00e9s<\/h2>\n<\/div>\n\n\n\n<div class=\"wp-container-19 wp-block-column\" style=\"flex-basis:33.33%\">\n<div class=\"wp-container-18 is-horizontal wp-block-buttons\">\n<div class=\"wp-block-button\"><a class=\"wp-block-button__link\" href=\"https:\/\/innosergo.com\/?page_id=461\">tout voir<\/a><\/div>\n<\/div>\n<\/div>\n<\/div>\n\n\n\n<div class=\"wp-container-26 wp-block-columns\">\n<div class=\"wp-container-22 wp-block-column\">\n<figure class=\"wp-block-image size-large\"><img loading=\"lazy\" width=\"724\" height=\"1024\" src=\"https:\/\/innosergo.com\/wp-content\/uploads\/2022\/09\/Tournoi-de-2-724x1024.png\" alt=\"\" class=\"wp-image-557\" srcset=\"https:\/\/innosergo.com\/wp-content\/uploads\/2022\/09\/Tournoi-de-2-724x1024.png 724w, https:\/\/innosergo.com\/wp-content\/uploads\/2022\/09\/Tournoi-de-2-212x300.png 212w, https:\/\/innosergo.com\/wp-content\/uploads\/2022\/09\/Tournoi-de-2-768x1086.png 768w, https:\/\/innosergo.com\/wp-content\/uploads\/2022\/09\/Tournoi-de-2-1086x1536.png 1086w, https:\/\/innosergo.com\/wp-content\/uploads\/2022\/09\/Tournoi-de-2-1448x2048.png 1448w, https:\/\/innosergo.com\/wp-content\/uploads\/2022\/09\/Tournoi-de-2.png 1587w\" sizes=\"(max-width: 724px) 100vw, 724px\" \/><\/figure>\n\n\n\n<p>Comp\u00e9tition au Golf de Rochefort 24 septembre 2022<\/p>\n\n\n\n<div class=\"wp-container-21 wp-block-buttons\">\n<div class=\"wp-block-button\"><a class=\"wp-block-button__link\">en savoir plus <\/a><\/div>\n<\/div>\n<\/div>\n\n\n\n<div class=\"wp-container-24 wp-block-column\">\n<figure class=\"wp-block-image size-large\"><img loading=\"lazy\" width=\"768\" height=\"1024\" src=\"https:\/\/innosergo.com\/wp-content\/uploads\/2022\/09\/IMG_2338-768x1024.jpeg\" alt=\"\" class=\"wp-image-510\" srcset=\"https:\/\/innosergo.com\/wp-content\/uploads\/2022\/09\/IMG_2338-768x1024.jpeg 768w, https:\/\/innosergo.com\/wp-content\/uploads\/2022\/09\/IMG_2338-225x300.jpeg 225w, https:\/\/innosergo.com\/wp-content\/uploads\/2022\/09\/IMG_2338-1152x1536.jpeg 1152w, https:\/\/innosergo.com\/wp-content\/uploads\/2022\/09\/IMG_2338-1536x2048.jpeg 1536w, https:\/\/innosergo.com\/wp-content\/uploads\/2022\/09\/IMG_2338-scaled.jpeg 1920w\" sizes=\"(max-width: 768px) 100vw, 768px\" \/><\/figure>\n\n\n\n<p>Nouveau site internet <\/p>\n\n\n\n<div class=\"wp-container-23 wp-block-buttons\">\n<div class=\"wp-block-button\"><a class=\"wp-block-button__link\">en savoir plus <\/a><\/div>\n<\/div>\n<\/div>\n\n\n\n<div class=\"wp-container-25 wp-block-column\"><\/div>\n<\/div>\n\n\n\n<hr class=\"wp-block-separator has-text-color has-ast-global-color-6-color has-alpha-channel-opacity has-ast-global-color-6-background-color has-background is-style-wide\"\/>\n\n\n\n<h2>Galerie Photos<\/h2>\n\n\n\n<figure class=\"wp-container-28 wp-block-gallery-27 wp-block-gallery has-nested-images columns-default is-cropped\">\n<figure class=\"wp-block-image size-large\"><img loading=\"lazy\" width=\"1920\" height=\"2560\" data-id=\"865\"  src=\"https:\/\/innosergo.com\/wp-content\/uploads\/2022\/11\/IMG_1999-scaled.jpeg\" alt=\"pr\u00e9paration tir olivier golf\" class=\"wp-image-865\" srcset=\"https:\/\/innosergo.com\/wp-content\/uploads\/2022\/11\/IMG_1999-scaled.jpeg 1920w, https:\/\/innosergo.com\/wp-content\/uploads\/2022\/11\/IMG_1999-225x300.jpeg 225w, https:\/\/innosergo.com\/wp-content\/uploads\/2022\/11\/IMG_1999-768x1024.jpeg 768w, https:\/\/innosergo.com\/wp-content\/uploads\/2022\/11\/IMG_1999-1152x1536.jpeg 1152w, https:\/\/innosergo.com\/wp-content\/uploads\/2022\/11\/IMG_1999-1536x2048.jpeg 1536w\" sizes=\"(max-width: 1920px) 100vw, 1920px\" \/><\/figure>\n\n\n\n<figure class=\"wp-block-image size-large\"><img loading=\"lazy\" width=\"1920\" height=\"2560\" data-id=\"867\"  src=\"https:\/\/innosergo.com\/wp-content\/uploads\/2022\/11\/IMG_2455-scaled.jpeg\" alt=\"putting golf olivier\" class=\"wp-image-867\" srcset=\"https:\/\/innosergo.com\/wp-content\/uploads\/2022\/11\/IMG_2455-scaled.jpeg 1920w, https:\/\/innosergo.com\/wp-content\/uploads\/2022\/11\/IMG_2455-225x300.jpeg 225w, https:\/\/innosergo.com\/wp-content\/uploads\/2022\/11\/IMG_2455-768x1024.jpeg 768w, https:\/\/innosergo.com\/wp-content\/uploads\/2022\/11\/IMG_2455-1152x1536.jpeg 1152w, https:\/\/innosergo.com\/wp-content\/uploads\/2022\/11\/IMG_2455-1536x2048.jpeg 1536w\" sizes=\"(max-width: 1920px) 100vw, 1920px\" \/><\/figure>\n\n\n\n<figure class=\"wp-block-image size-large\"><img loading=\"lazy\" width=\"1440\" height=\"1800\" data-id=\"795\"  src=\"https:\/\/innosergo.com\/wp-content\/uploads\/2022\/10\/DBDD6F28-AFBC-4A01-B6BB-D5847414A7CE.jpg\" alt=\"\" class=\"wp-image-795\" srcset=\"https:\/\/innosergo.com\/wp-content\/uploads\/2022\/10\/DBDD6F28-AFBC-4A01-B6BB-D5847414A7CE.jpg 1440w, https:\/\/innosergo.com\/wp-content\/uploads\/2022\/10\/DBDD6F28-AFBC-4A01-B6BB-D5847414A7CE-240x300.jpg 240w, https:\/\/innosergo.com\/wp-content\/uploads\/2022\/10\/DBDD6F28-AFBC-4A01-B6BB-D5847414A7CE-819x1024.jpg 819w, https:\/\/innosergo.com\/wp-content\/uploads\/2022\/10\/DBDD6F28-AFBC-4A01-B6BB-D5847414A7CE-768x960.jpg 768w, https:\/\/innosergo.com\/wp-content\/uploads\/2022\/10\/DBDD6F28-AFBC-4A01-B6BB-D5847414A7CE-1229x1536.jpg 1229w\" sizes=\"(max-width: 1440px) 100vw, 1440px\" \/><\/figure>\n\n\n\n<figure class=\"wp-block-image size-large\"><img loading=\"lazy\" width=\"1440\" height=\"1800\" data-id=\"793\"  src=\"https:\/\/innosergo.com\/wp-content\/uploads\/2022\/10\/00170901-65A6-430F-8E54-F1DD2CA9509C.jpg\" alt=\"\" class=\"wp-image-793\" srcset=\"https:\/\/innosergo.com\/wp-content\/uploads\/2022\/10\/00170901-65A6-430F-8E54-F1DD2CA9509C.jpg 1440w, https:\/\/innosergo.com\/wp-content\/uploads\/2022\/10\/00170901-65A6-430F-8E54-F1DD2CA9509C-240x300.jpg 240w, https:\/\/innosergo.com\/wp-content\/uploads\/2022\/10\/00170901-65A6-430F-8E54-F1DD2CA9509C-819x1024.jpg 819w, https:\/\/innosergo.com\/wp-content\/uploads\/2022\/10\/00170901-65A6-430F-8E54-F1DD2CA9509C-768x960.jpg 768w, https:\/\/innosergo.com\/wp-content\/uploads\/2022\/10\/00170901-65A6-430F-8E54-F1DD2CA9509C-1229x1536.jpg 1229w\" sizes=\"(max-width: 1440px) 100vw, 1440px\" \/><\/figure>\n\n\n\n<figure class=\"wp-block-image size-large\"><img loading=\"lazy\" width=\"1920\" height=\"2560\" data-id=\"856\"  src=\"https:\/\/innosergo.com\/wp-content\/uploads\/2022\/11\/IMG_3180-scaled.jpeg\" alt=\"\" class=\"wp-image-856\" srcset=\"https:\/\/innosergo.com\/wp-content\/uploads\/2022\/11\/IMG_3180-scaled.jpeg 1920w, https:\/\/innosergo.com\/wp-content\/uploads\/2022\/11\/IMG_3180-225x300.jpeg 225w, https:\/\/innosergo.com\/wp-content\/uploads\/2022\/11\/IMG_3180-768x1024.jpeg 768w, https:\/\/innosergo.com\/wp-content\/uploads\/2022\/11\/IMG_3180-1152x1536.jpeg 1152w, https:\/\/innosergo.com\/wp-content\/uploads\/2022\/11\/IMG_3180-1536x2048.jpeg 1536w\" sizes=\"(max-width: 1920px) 100vw, 1920px\" \/><\/figure>\n\n\n\n<figure class=\"wp-block-image size-large\"><img loading=\"lazy\" width=\"1920\" height=\"2560\" data-id=\"537\"  src=\"https:\/\/innosergo.com\/wp-content\/uploads\/2022\/09\/IMG_2484-scaled.jpeg\" alt=\"\" class=\"wp-image-537\" srcset=\"https:\/\/innosergo.com\/wp-content\/uploads\/2022\/09\/IMG_2484-scaled.jpeg 1920w, https:\/\/innosergo.com\/wp-content\/uploads\/2022\/09\/IMG_2484-225x300.jpeg 225w, https:\/\/innosergo.com\/wp-content\/uploads\/2022\/09\/IMG_2484-768x1024.jpeg 768w, https:\/\/innosergo.com\/wp-content\/uploads\/2022\/09\/IMG_2484-1152x1536.jpeg 1152w, https:\/\/innosergo.com\/wp-content\/uploads\/2022\/09\/IMG_2484-1536x2048.jpeg 1536w\" sizes=\"(max-width: 1920px) 100vw, 1920px\" \/><\/figure>\n\n\n\n<figure class=\"wp-block-image size-large\"><img loading=\"lazy\" width=\"1920\" height=\"2560\" data-id=\"527\"  src=\"https:\/\/innosergo.com\/wp-content\/uploads\/2022\/09\/IMG_2564-scaled.jpeg\" alt=\"\" class=\"wp-image-527\" srcset=\"https:\/\/innosergo.com\/wp-content\/uploads\/2022\/09\/IMG_2564-scaled.jpeg 1920w, https:\/\/innosergo.com\/wp-content\/uploads\/2022\/09\/IMG_2564-225x300.jpeg 225w, https:\/\/innosergo.com\/wp-content\/uploads\/2022\/09\/IMG_2564-768x1024.jpeg 768w, https:\/\/innosergo.com\/wp-content\/uploads\/2022\/09\/IMG_2564-1152x1536.jpeg 1152w, https:\/\/innosergo.com\/wp-content\/uploads\/2022\/09\/IMG_2564-1536x2048.jpeg 1536w\" sizes=\"(max-width: 1920px) 100vw, 1920px\" \/><\/figure>\n\n\n\n<figure class=\"wp-block-image size-large\"><img loading=\"lazy\" width=\"1920\" height=\"2560\" data-id=\"530\"  src=\"https:\/\/innosergo.com\/wp-content\/uploads\/2022\/09\/IMG_2504-scaled.jpeg\" alt=\"\" class=\"wp-image-530\" srcset=\"https:\/\/innosergo.com\/wp-content\/uploads\/2022\/09\/IMG_2504-scaled.jpeg 1920w, https:\/\/innosergo.com\/wp-content\/uploads\/2022\/09\/IMG_2504-225x300.jpeg 225w, https:\/\/innosergo.com\/wp-content\/uploads\/2022\/09\/IMG_2504-768x1024.jpeg 768w, https:\/\/innosergo.com\/wp-content\/uploads\/2022\/09\/IMG_2504-1152x1536.jpeg 1152w, https:\/\/innosergo.com\/wp-content\/uploads\/2022\/09\/IMG_2504-1536x2048.jpeg 1536w\" sizes=\"(max-width: 1920px) 100vw, 1920px\" \/><\/figure>\n\n\n\n<figure class=\"wp-block-image size-large\"><img loading=\"lazy\" width=\"1920\" height=\"2560\" data-id=\"534\"  src=\"https:\/\/innosergo.com\/wp-content\/uploads\/2022\/09\/IMG_2473-1-scaled.jpeg\" alt=\"\" class=\"wp-image-534\" srcset=\"https:\/\/innosergo.com\/wp-content\/uploads\/2022\/09\/IMG_2473-1-scaled.jpeg 1920w, https:\/\/innosergo.com\/wp-content\/uploads\/2022\/09\/IMG_2473-1-225x300.jpeg 225w, https:\/\/innosergo.com\/wp-content\/uploads\/2022\/09\/IMG_2473-1-768x1024.jpeg 768w, https:\/\/innosergo.com\/wp-content\/uploads\/2022\/09\/IMG_2473-1-1152x1536.jpeg 1152w, https:\/\/innosergo.com\/wp-content\/uploads\/2022\/09\/IMG_2473-1-1536x2048.jpeg 1536w\" sizes=\"(max-width: 1920px) 100vw, 1920px\" \/><\/figure>\n<\/figure>\n","protected":false},"excerpt":{"rendered":"<p>Olivier PAUWELS et Arnaud BALBIN ont \u00e9t\u00e9 tous les deux managers dans des groupes internationaux, mais surtout chacun de leur c\u00f4t\u00e9, ont pr\u00e9sid\u00e9 des associations de golfeurs et organis\u00e9 de multiples \u00e9v\u00e9nements autour de ce sport. Ils se rencontrent en 2017 \u00e0 l\u2019occasion d\u2019une comp\u00e9tition de golf entre leurs associations sur le parcours d&rsquo;Aa-Saint-Omer. Depuis, &hellip;<\/p>\n<p class=\"read-more\"> <a class=\"\" href=\"https:\/\/innosergo.com\/\"> <span class=\"screen-reader-text\">Accueil<\/span> Lire la suite\u00a0\u00bb<\/a><\/p>\n","protected":false},"author":2,"featured_media":0,"parent":0,"menu_order":0,"comment_status":"closed","ping_status":"closed","template":"","meta":{"site-sidebar-layout":"no-sidebar","site-content-layout":"plain-container","ast-global-header-display":"","ast-main-header-display":"","ast-hfb-above-header-display":"","ast-hfb-below-header-display":"","ast-hfb-mobile-header-display":"","site-post-title":"disabled","ast-breadcrumbs-content":"","ast-featured-img":"disabled","footer-sml-layout":"","theme-transparent-header-meta":"enabled","adv-header-id-meta":"","stick-header-meta":"","header-above-stick-meta":"","header-main-stick-meta":"","header-below-stick-meta":""},"yoast_head":"<!-- This site is optimized with the Yoast SEO plugin v19.9 - https:\/\/yoast.com\/wordpress\/plugins\/seo\/ -->\n<title>Accueil - Innosergo<\/title>\n<meta name=\"description\" content=\"La promesse digitale d&#039;une nouvelle exp\u00e9rience pour les golfeurs. L&#039;engagement d&#039;une meilleure rentabilit\u00e9 pour les Golfs.\" \/>\n<meta name=\"robots\" content=\"index, follow, max-snippet:-1, max-image-preview:large, max-video-preview:-1\" \/>\n<link rel=\"canonical\" href=\"https:\/\/innosergo.com\/\" \/>\n<meta property=\"og:locale\" content=\"fr_FR\" \/>\n<meta property=\"og:type\" content=\"article\" \/>\n<meta property=\"og:title\" content=\"Accueil - Innosergo\" \/>\n<meta property=\"og:description\" content=\"La promesse digitale d&#039;une nouvelle exp\u00e9rience pour les golfeurs. L&#039;engagement d&#039;une meilleure rentabilit\u00e9 pour les Golfs.\" \/>\n<meta property=\"og:url\" content=\"https:\/\/innosergo.com\/\" \/>\n<meta property=\"og:site_name\" content=\"Innosergo\" \/>\n<meta property=\"article:modified_time\" content=\"2022-11-04T13:36:58+00:00\" \/>\n<meta property=\"og:image\" content=\"https:\/\/innosergo.com\/wp-content\/uploads\/2022\/09\/IMG_2473-scaled.jpeg\" \/>\n<meta name=\"twitter:card\" content=\"summary_large_image\" \/>\n<meta name=\"twitter:label1\" content=\"Dur\u00e9e de lecture estim\u00e9e\" \/>\n\t<meta name=\"twitter:data1\" content=\"5 minutes\" \/>\n<script type=\"application\/ld+json\" class=\"yoast-schema-graph\">{\"@context\":\"https:\/\/schema.org\",\"@graph\":[{\"@type\":\"WebPage\",\"@id\":\"https:\/\/innosergo.com\/\",\"url\":\"https:\/\/innosergo.com\/\",\"name\":\"Accueil - Innosergo\",\"isPartOf\":{\"@id\":\"https:\/\/innosergo.com\/#website\"},\"datePublished\":\"2021-05-12T05:15:06+00:00\",\"dateModified\":\"2022-11-04T13:36:58+00:00\",\"description\":\"La promesse digitale d'une nouvelle exp\u00e9rience pour les golfeurs. L'engagement d'une meilleure rentabilit\u00e9 pour les Golfs.\",\"breadcrumb\":{\"@id\":\"https:\/\/innosergo.com\/#breadcrumb\"},\"inLanguage\":\"fr-FR\",\"potentialAction\":[{\"@type\":\"ReadAction\",\"target\":[\"https:\/\/innosergo.com\/\"]}]},{\"@type\":\"BreadcrumbList\",\"@id\":\"https:\/\/innosergo.com\/#breadcrumb\",\"itemListElement\":[{\"@type\":\"ListItem\",\"position\":1,\"name\":\"Accueil\",\"item\":\"https:\/\/innosergo.com\/\"},{\"@type\":\"ListItem\",\"position\":2,\"name\":\"Accueil\"}]},{\"@type\":\"WebSite\",\"@id\":\"https:\/\/innosergo.com\/#website\",\"url\":\"https:\/\/innosergo.com\/\",\"name\":\"Innosergo\",\"description\":\"Let&#039;s go Innosergo\",\"publisher\":{\"@id\":\"https:\/\/innosergo.com\/#organization\"},\"potentialAction\":[{\"@type\":\"SearchAction\",\"target\":{\"@type\":\"EntryPoint\",\"urlTemplate\":\"https:\/\/innosergo.com\/?s={search_term_string}\"},\"query-input\":\"required name=search_term_string\"}],\"inLanguage\":\"fr-FR\"},{\"@type\":\"Organization\",\"@id\":\"https:\/\/innosergo.com\/#organization\",\"name\":\"Innosergo\",\"url\":\"https:\/\/innosergo.com\/\",\"logo\":{\"@type\":\"ImageObject\",\"inLanguage\":\"fr-FR\",\"@id\":\"https:\/\/innosergo.com\/#\/schema\/logo\/image\/\",\"url\":\"https:\/\/innosergo.com\/wp-content\/uploads\/2022\/08\/innosergo-logo-2020-fond-blanc-avec-baseline.png\",\"contentUrl\":\"https:\/\/innosergo.com\/wp-content\/uploads\/2022\/08\/innosergo-logo-2020-fond-blanc-avec-baseline.png\",\"width\":1546,\"height\":484,\"caption\":\"Innosergo\"},\"image\":{\"@id\":\"https:\/\/innosergo.com\/#\/schema\/logo\/image\/\"}}]}<\/script>\n<!-- \/ Yoast SEO plugin. -->","yoast_head_json":{"title":"Accueil - Innosergo","description":"La promesse digitale d'une nouvelle exp\u00e9rience pour les golfeurs. L'engagement d'une meilleure rentabilit\u00e9 pour les Golfs.","robots":{"index":"index","follow":"follow","max-snippet":"max-snippet:-1","max-image-preview":"max-image-preview:large","max-video-preview":"max-video-preview:-1"},"canonical":"https:\/\/innosergo.com\/","og_locale":"fr_FR","og_type":"article","og_title":"Accueil - Innosergo","og_description":"La promesse digitale d'une nouvelle exp\u00e9rience pour les golfeurs. L'engagement d'une meilleure rentabilit\u00e9 pour les Golfs.","og_url":"https:\/\/innosergo.com\/","og_site_name":"Innosergo","article_modified_time":"2022-11-04T13:36:58+00:00","og_image":[{"url":"https:\/\/innosergo.com\/wp-content\/uploads\/2022\/09\/IMG_2473-scaled.jpeg"}],"twitter_card":"summary_large_image","twitter_misc":{"Dur\u00e9e de lecture estim\u00e9e":"5 minutes"},"schema":{"@context":"https:\/\/schema.org","@graph":[{"@type":"WebPage","@id":"https:\/\/innosergo.com\/","url":"https:\/\/innosergo.com\/","name":"Accueil - Innosergo","isPartOf":{"@id":"https:\/\/innosergo.com\/#website"},"datePublished":"2021-05-12T05:15:06+00:00","dateModified":"2022-11-04T13:36:58+00:00","description":"La promesse digitale d'une nouvelle exp\u00e9rience pour les golfeurs. L'engagement d'une meilleure rentabilit\u00e9 pour les Golfs.","breadcrumb":{"@id":"https:\/\/innosergo.com\/#breadcrumb"},"inLanguage":"fr-FR","potentialAction":[{"@type":"ReadAction","target":["https:\/\/innosergo.com\/"]}]},{"@type":"BreadcrumbList","@id":"https:\/\/innosergo.com\/#breadcrumb","itemListElement":[{"@type":"ListItem","position":1,"name":"Accueil","item":"https:\/\/innosergo.com\/"},{"@type":"ListItem","position":2,"name":"Accueil"}]},{"@type":"WebSite","@id":"https:\/\/innosergo.com\/#website","url":"https:\/\/innosergo.com\/","name":"Innosergo","description":"Let&#039;s go Innosergo","publisher":{"@id":"https:\/\/innosergo.com\/#organization"},"potentialAction":[{"@type":"SearchAction","target":{"@type":"EntryPoint","urlTemplate":"https:\/\/innosergo.com\/?s={search_term_string}"},"query-input":"required name=search_term_string"}],"inLanguage":"fr-FR"},{"@type":"Organization","@id":"https:\/\/innosergo.com\/#organization","name":"Innosergo","url":"https:\/\/innosergo.com\/","logo":{"@type":"ImageObject","inLanguage":"fr-FR","@id":"https:\/\/innosergo.com\/#\/schema\/logo\/image\/","url":"https:\/\/innosergo.com\/wp-content\/uploads\/2022\/08\/innosergo-logo-2020-fond-blanc-avec-baseline.png","contentUrl":"https:\/\/innosergo.com\/wp-content\/uploads\/2022\/08\/innosergo-logo-2020-fond-blanc-avec-baseline.png","width":1546,"height":484,"caption":"Innosergo"},"image":{"@id":"https:\/\/innosergo.com\/#\/schema\/logo\/image\/"}}]}},"_links":{"self":[{"href":"https:\/\/innosergo.com\/index.php?rest_route=\/wp\/v2\/pages\/425"}],"collection":[{"href":"https:\/\/innosergo.com\/index.php?rest_route=\/wp\/v2\/pages"}],"about":[{"href":"https:\/\/innosergo.com\/index.php?rest_route=\/wp\/v2\/types\/page"}],"author":[{"embeddable":true,"href":"https:\/\/innosergo.com\/index.php?rest_route=\/wp\/v2\/users\/2"}],"replies":[{"embeddable":true,"href":"https:\/\/innosergo.com\/index.php?rest_route=%2Fwp%2Fv2%2Fcomments&post=425"}],"version-history":[{"count":85,"href":"https:\/\/innosergo.com\/index.php?rest_route=\/wp\/v2\/pages\/425\/revisions"}],"predecessor-version":[{"id":1022,"href":"https:\/\/innosergo.com\/index.php?rest_route=\/wp\/v2\/pages\/425\/revisions\/1022"}],"wp:attachment":[{"href":"https:\/\/innosergo.com\/index.php?rest_route=%2Fwp%2Fv2%2Fmedia&parent=425"}],"curies":[{"name":"wp","href":"https:\/\/api.w.org\/{rel}","templated":true}]}}