{"id":426,"date":"2022-08-31T00:15:20","date_gmt":"2022-08-31T00:15:20","guid":{"rendered":"https:\/\/innosergo.com\/?page_id=426"},"modified":"2022-10-10T17:19:51","modified_gmt":"2022-10-10T15:19:51","slug":"qui-sommes-nous","status":"publish","type":"page","link":"https:\/\/innosergo.com\/?page_id=426","title":{"rendered":"Qui sommes nous ?"},"content":{"rendered":"\n<div class=\"wp-block-cover alignfull is-light\" style=\"min-height:65vh\"><span aria-hidden=\"true\" class=\"wp-block-cover__background has-ast-global-color-0-background-color has-background-dim\"><\/span><img loading=\"lazy\" width=\"1920\" height=\"2560\" class=\"wp-block-cover__image-background wp-image-523\" alt=\"\" src=\"https:\/\/innosergo.com\/wp-content\/uploads\/2022\/09\/IMG_2618-scaled.jpeg\" style=\"object-position:53% 42%\" data-object-fit=\"cover\" data-object-position=\"53% 42%\" srcset=\"https:\/\/innosergo.com\/wp-content\/uploads\/2022\/09\/IMG_2618-scaled.jpeg 1920w, https:\/\/innosergo.com\/wp-content\/uploads\/2022\/09\/IMG_2618-225x300.jpeg 225w, https:\/\/innosergo.com\/wp-content\/uploads\/2022\/09\/IMG_2618-768x1024.jpeg 768w, https:\/\/innosergo.com\/wp-content\/uploads\/2022\/09\/IMG_2618-1152x1536.jpeg 1152w, https:\/\/innosergo.com\/wp-content\/uploads\/2022\/09\/IMG_2618-1536x2048.jpeg 1536w\" sizes=\"(max-width: 1920px) 100vw, 1920px\" \/><div class=\"wp-block-cover__inner-container\">\n<p><\/p>\n\n\n\n<p><\/p>\n\n\n\n<p><\/p>\n\n\n\n<p><\/p>\n\n\n\n<p><\/p>\n\n\n\n<h1 class=\"has-white-color has-text-color\">Qui sommes nous ?<\/h1>\n\n\n\n<p><\/p>\n<\/div><\/div>\n\n\n\n<p><\/p>\n\n\n\n<figure class=\"wp-block-image aligncenter size-large is-resized\"><img loading=\"lazy\" src=\"https:\/\/innosergo.com\/wp-content\/uploads\/2022\/09\/IMG_2618-768x1024.jpeg\" alt=\"\" class=\"wp-image-523\" width=\"474\" height=\"631\" srcset=\"https:\/\/innosergo.com\/wp-content\/uploads\/2022\/09\/IMG_2618-768x1024.jpeg 768w, https:\/\/innosergo.com\/wp-content\/uploads\/2022\/09\/IMG_2618-225x300.jpeg 225w, https:\/\/innosergo.com\/wp-content\/uploads\/2022\/09\/IMG_2618-1152x1536.jpeg 1152w, https:\/\/innosergo.com\/wp-content\/uploads\/2022\/09\/IMG_2618-1536x2048.jpeg 1536w, https:\/\/innosergo.com\/wp-content\/uploads\/2022\/09\/IMG_2618-scaled.jpeg 1920w\" sizes=\"(max-width: 474px) 100vw, 474px\" \/><figcaption>En 2019, Arnaud et Olivier d\u00e9cident de cr\u00e9er leur entreprise, avec un credo simple : \u00ab&nbsp;utiliser la technologie pour am\u00e9liorer le quotidien du golfeur et l\u2019exp\u00e9rience-client&nbsp;\u00bb.<br>La transposition de leur exp\u00e9rience dans le monde du golf r\u00e9sonne comme une \u00e9vidence, et ils fondent Innosergo sas en d\u00e9cembre 2019.&nbsp;En associant des savoir-faire techniques et commerciaux, l&rsquo;\u00e9quipe d&rsquo;Innosergo proposera donc ses services aux exploitants de parcours et aux organisateurs d&rsquo;\u00e9v\u00e9nements golfiques, bas\u00e9s sur l&rsquo;utilisation de technologies innovantes digitales et connect\u00e9es.<\/figcaption><\/figure>\n\n\n\n<div class=\"wp-container-2 wp-block-columns\">\n<div class=\"wp-container-1 wp-block-column\" style=\"flex-basis:100%\"><\/div>\n<\/div>\n\n\n\n<div class=\"wp-container-5 wp-block-columns\">\n<div class=\"wp-container-3 wp-block-column\">\n<figure class=\"wp-block-image size-full is-resized\"><img loading=\"lazy\" src=\"https:\/\/innosergo.com\/wp-content\/uploads\/2022\/09\/Photo-BuroSpace-sept-2021-e2909a97-edae1253-6b650144-7fc9aff2.png\" alt=\"\" class=\"wp-image-555\" width=\"430\" height=\"554\" srcset=\"https:\/\/innosergo.com\/wp-content\/uploads\/2022\/09\/Photo-BuroSpace-sept-2021-e2909a97-edae1253-6b650144-7fc9aff2.png 480w, https:\/\/innosergo.com\/wp-content\/uploads\/2022\/09\/Photo-BuroSpace-sept-2021-e2909a97-edae1253-6b650144-7fc9aff2-233x300.png 233w\" sizes=\"(max-width: 430px) 100vw, 430px\" \/><\/figure>\n\n\n\n<h3>Olivier PAUWELS<\/h3>\n\n\n\n<h5 class=\"has-ast-global-color-3-color has-text-color\"><strong>Directeur associ\u00e9<\/strong><\/h5>\n\n\n\n<p>Avec une exp\u00e9rience de 25 ann\u00e9es de management dans des grands groupes industriels, Olivier a fond\u00e9 InnoSerGo en d\u00e9cembre 2019. Il est en charge de la strat\u00e9gie et du d\u00e9veloppement commercial de l&rsquo;entreprise. Il est actionnaire majoritaire de l&rsquo;entreprise.<\/p>\n<\/div>\n\n\n\n<div class=\"wp-container-4 wp-block-column\">\n<figure class=\"wp-block-image size-full is-resized\"><img loading=\"lazy\" src=\"https:\/\/innosergo.com\/wp-content\/uploads\/2022\/09\/arnaudbalbin.jpeg\" alt=\"\" class=\"wp-image-550\" width=\"445\" height=\"562\" srcset=\"https:\/\/innosergo.com\/wp-content\/uploads\/2022\/09\/arnaudbalbin.jpeg 718w, https:\/\/innosergo.com\/wp-content\/uploads\/2022\/09\/arnaudbalbin-237x300.jpeg 237w\" sizes=\"(max-width: 445px) 100vw, 445px\" \/><\/figure>\n\n\n\n<h3 class=\"has-ast-global-color-6-color has-text-color\">Arnaud BALBIN<\/h3>\n\n\n\n<h5 class=\"has-ast-global-color-3-color has-text-color\"><strong>Directeur associ\u00e9<\/strong><\/h5>\n\n\n\n<p>Apr\u00e8s plus de vingt ans pass\u00e9s dans l&rsquo;informatique pour l&rsquo;industrie et le secteur de la restauration rapide, Arnaud est co-fondateur d&rsquo;InnoSerGo avec Olivier. Il est notamment charg\u00e9 de concevoir les solutions techniques d&rsquo;InnoSerGo, et coordonne directement ses partenaires.<\/p>\n<\/div>\n<\/div>\n\n\n\n<div class=\"wp-container-8 wp-block-columns\">\n<div class=\"wp-container-6 wp-block-column\">\n<figure class=\"wp-block-image size-large is-resized\"><img loading=\"lazy\" src=\"https:\/\/innosergo.com\/wp-content\/uploads\/2022\/09\/Capture-decran-2021-03-25-a-18.50.37-589x1024.png\" alt=\"\" class=\"wp-image-591\" width=\"326\" height=\"567\" srcset=\"https:\/\/innosergo.com\/wp-content\/uploads\/2022\/09\/Capture-decran-2021-03-25-a-18.50.37-589x1024.png 589w, https:\/\/innosergo.com\/wp-content\/uploads\/2022\/09\/Capture-decran-2021-03-25-a-18.50.37-172x300.png 172w, https:\/\/innosergo.com\/wp-content\/uploads\/2022\/09\/Capture-decran-2021-03-25-a-18.50.37.png 638w\" sizes=\"(max-width: 326px) 100vw, 326px\" \/><\/figure>\n\n\n\n<h3>Enora SABLONS<\/h3>\n\n\n\n<h5 class=\"has-ast-global-color-7-color has-text-color\"><strong>D\u00e9veloppement Commercial et Marketing&nbsp;<\/strong><\/h5>\n\n\n\n<p>Actuellement en 1\u00e8re ann\u00e9e de Bachelor en alternance. Enora nous a rejoints pour soutenir notre effort de prospection aupr\u00e8s de nos clients, mais aussi de d\u00e9velopper la communication anis que le marketing de l\u2019entreprise. Elle conduit les d\u00e9mos dans les golfs et nous accompagne lors des \u00e9v\u00e8nements que nous g\u00e9rons.<\/p>\n<\/div>\n\n\n\n<div class=\"wp-container-7 wp-block-column\">\n<figure class=\"wp-block-image size-large is-resized\"><img loading=\"lazy\" src=\"https:\/\/innosergo.com\/wp-content\/uploads\/2022\/09\/photo-Arthur-b69a97a6-768x1024.png\" alt=\"\" class=\"wp-image-590\" width=\"438\" height=\"584\" srcset=\"https:\/\/innosergo.com\/wp-content\/uploads\/2022\/09\/photo-Arthur-b69a97a6-768x1024.png 768w, https:\/\/innosergo.com\/wp-content\/uploads\/2022\/09\/photo-Arthur-b69a97a6-225x300.png 225w, https:\/\/innosergo.com\/wp-content\/uploads\/2022\/09\/photo-Arthur-b69a97a6.png 810w\" sizes=\"(max-width: 438px) 100vw, 438px\" \/><\/figure>\n\n\n\n<h3><strong>Arthur BRION<\/strong><\/h3>\n\n\n\n<h5 class=\"has-ast-global-color-7-color has-text-color\"><strong>D\u00e9veloppeur Codeur<\/strong><\/h5>\n\n\n\n<p>Passionn\u00e9 d&rsquo;informatique, de jeux vid\u00e9os et sportif accompli, Arthur termine son cursus en Master II d&rsquo;\u00e9cole d&rsquo;ing\u00e9nieurs, \u00e0 EPITECH. Depuis septembre 2021, il poursuit les d\u00e9veloppements applicatifs d&rsquo;Innosergo et assure le d\u00e9ploiement des nouvelles solutions techniques.<\/p>\n<\/div>\n<\/div>\n","protected":false},"excerpt":{"rendered":"<p>Olivier PAUWELS Directeur associ\u00e9 Avec une exp\u00e9rience de 25 ann\u00e9es de management dans des grands groupes industriels, Olivier a fond\u00e9 InnoSerGo en d\u00e9cembre 2019. Il est en charge de la strat\u00e9gie et du d\u00e9veloppement commercial de l&rsquo;entreprise. Il est actionnaire majoritaire de l&rsquo;entreprise. Arnaud BALBIN Directeur associ\u00e9 Apr\u00e8s plus de vingt ans pass\u00e9s dans l&rsquo;informatique &hellip;<\/p>\n<p class=\"read-more\"> <a class=\"\" href=\"https:\/\/innosergo.com\/?page_id=426\"> <span class=\"screen-reader-text\">Qui sommes nous ?<\/span> Lire la suite\u00a0\u00bb<\/a><\/p>\n","protected":false},"author":2,"featured_media":0,"parent":0,"menu_order":0,"comment_status":"closed","ping_status":"closed","template":"","meta":{"site-sidebar-layout":"no-sidebar","site-content-layout":"plain-container","ast-global-header-display":"","ast-main-header-display":"","ast-hfb-above-header-display":"","ast-hfb-below-header-display":"","ast-hfb-mobile-header-display":"","site-post-title":"disabled","ast-breadcrumbs-content":"","ast-featured-img":"disabled","footer-sml-layout":"","theme-transparent-header-meta":"enabled","adv-header-id-meta":"","stick-header-meta":"","header-above-stick-meta":"","header-main-stick-meta":"","header-below-stick-meta":""},"yoast_head":"<!-- This site is optimized with the Yoast SEO plugin v19.9 - https:\/\/yoast.com\/wordpress\/plugins\/seo\/ -->\n<title>Qui sommes nous ? - Innosergo<\/title>\n<meta name=\"robots\" content=\"index, follow, max-snippet:-1, max-image-preview:large, max-video-preview:-1\" \/>\n<link rel=\"canonical\" href=\"https:\/\/innosergo.com\/?page_id=426\" \/>\n<meta property=\"og:locale\" content=\"fr_FR\" \/>\n<meta property=\"og:type\" content=\"article\" \/>\n<meta property=\"og:title\" content=\"Qui sommes nous ? - Innosergo\" \/>\n<meta property=\"og:description\" content=\"Olivier PAUWELS Directeur associ\u00e9 Avec une exp\u00e9rience de 25 ann\u00e9es de management dans des grands groupes industriels, Olivier a fond\u00e9 InnoSerGo en d\u00e9cembre 2019. Il est en charge de la strat\u00e9gie et du d\u00e9veloppement commercial de l&rsquo;entreprise. Il est actionnaire majoritaire de l&rsquo;entreprise. Arnaud BALBIN Directeur associ\u00e9 Apr\u00e8s plus de vingt ans pass\u00e9s dans l&rsquo;informatique &hellip; Qui sommes nous ? Lire la suite\u00a0\u00bb\" \/>\n<meta property=\"og:url\" content=\"https:\/\/innosergo.com\/?page_id=426\" \/>\n<meta property=\"og:site_name\" content=\"Innosergo\" \/>\n<meta property=\"article:modified_time\" content=\"2022-10-10T15:19:51+00:00\" \/>\n<meta property=\"og:image\" content=\"https:\/\/innosergo.com\/wp-content\/uploads\/2022\/09\/IMG_2618-scaled.jpeg\" \/>\n<meta name=\"twitter:card\" content=\"summary_large_image\" \/>\n<meta name=\"twitter:label1\" content=\"Dur\u00e9e de lecture estim\u00e9e\" \/>\n\t<meta name=\"twitter:data1\" content=\"3 minutes\" \/>\n<script type=\"application\/ld+json\" class=\"yoast-schema-graph\">{\"@context\":\"https:\/\/schema.org\",\"@graph\":[{\"@type\":\"WebPage\",\"@id\":\"https:\/\/innosergo.com\/?page_id=426\",\"url\":\"https:\/\/innosergo.com\/?page_id=426\",\"name\":\"Qui sommes nous ? - Innosergo\",\"isPartOf\":{\"@id\":\"https:\/\/innosergo.com\/#website\"},\"datePublished\":\"2022-08-31T00:15:20+00:00\",\"dateModified\":\"2022-10-10T15:19:51+00:00\",\"breadcrumb\":{\"@id\":\"https:\/\/innosergo.com\/?page_id=426#breadcrumb\"},\"inLanguage\":\"fr-FR\",\"potentialAction\":[{\"@type\":\"ReadAction\",\"target\":[\"https:\/\/innosergo.com\/?page_id=426\"]}]},{\"@type\":\"BreadcrumbList\",\"@id\":\"https:\/\/innosergo.com\/?page_id=426#breadcrumb\",\"itemListElement\":[{\"@type\":\"ListItem\",\"position\":1,\"name\":\"Accueil\",\"item\":\"https:\/\/innosergo.com\/\"},{\"@type\":\"ListItem\",\"position\":2,\"name\":\"Qui sommes nous ?\"}]},{\"@type\":\"WebSite\",\"@id\":\"https:\/\/innosergo.com\/#website\",\"url\":\"https:\/\/innosergo.com\/\",\"name\":\"Innosergo\",\"description\":\"Let&#039;s go Innosergo\",\"publisher\":{\"@id\":\"https:\/\/innosergo.com\/#organization\"},\"potentialAction\":[{\"@type\":\"SearchAction\",\"target\":{\"@type\":\"EntryPoint\",\"urlTemplate\":\"https:\/\/innosergo.com\/?s={search_term_string}\"},\"query-input\":\"required name=search_term_string\"}],\"inLanguage\":\"fr-FR\"},{\"@type\":\"Organization\",\"@id\":\"https:\/\/innosergo.com\/#organization\",\"name\":\"Innosergo\",\"url\":\"https:\/\/innosergo.com\/\",\"logo\":{\"@type\":\"ImageObject\",\"inLanguage\":\"fr-FR\",\"@id\":\"https:\/\/innosergo.com\/#\/schema\/logo\/image\/\",\"url\":\"https:\/\/innosergo.com\/wp-content\/uploads\/2022\/08\/innosergo-logo-2020-fond-blanc-avec-baseline.png\",\"contentUrl\":\"https:\/\/innosergo.com\/wp-content\/uploads\/2022\/08\/innosergo-logo-2020-fond-blanc-avec-baseline.png\",\"width\":1546,\"height\":484,\"caption\":\"Innosergo\"},\"image\":{\"@id\":\"https:\/\/innosergo.com\/#\/schema\/logo\/image\/\"}}]}<\/script>\n<!-- \/ Yoast SEO plugin. -->","yoast_head_json":{"title":"Qui sommes nous ? - Innosergo","robots":{"index":"index","follow":"follow","max-snippet":"max-snippet:-1","max-image-preview":"max-image-preview:large","max-video-preview":"max-video-preview:-1"},"canonical":"https:\/\/innosergo.com\/?page_id=426","og_locale":"fr_FR","og_type":"article","og_title":"Qui sommes nous ? - Innosergo","og_description":"Olivier PAUWELS Directeur associ\u00e9 Avec une exp\u00e9rience de 25 ann\u00e9es de management dans des grands groupes industriels, Olivier a fond\u00e9 InnoSerGo en d\u00e9cembre 2019. Il est en charge de la strat\u00e9gie et du d\u00e9veloppement commercial de l&rsquo;entreprise. Il est actionnaire majoritaire de l&rsquo;entreprise. Arnaud BALBIN Directeur associ\u00e9 Apr\u00e8s plus de vingt ans pass\u00e9s dans l&rsquo;informatique &hellip; Qui sommes nous ? Lire la suite\u00a0\u00bb","og_url":"https:\/\/innosergo.com\/?page_id=426","og_site_name":"Innosergo","article_modified_time":"2022-10-10T15:19:51+00:00","og_image":[{"url":"https:\/\/innosergo.com\/wp-content\/uploads\/2022\/09\/IMG_2618-scaled.jpeg"}],"twitter_card":"summary_large_image","twitter_misc":{"Dur\u00e9e de lecture estim\u00e9e":"3 minutes"},"schema":{"@context":"https:\/\/schema.org","@graph":[{"@type":"WebPage","@id":"https:\/\/innosergo.com\/?page_id=426","url":"https:\/\/innosergo.com\/?page_id=426","name":"Qui sommes nous ? - Innosergo","isPartOf":{"@id":"https:\/\/innosergo.com\/#website"},"datePublished":"2022-08-31T00:15:20+00:00","dateModified":"2022-10-10T15:19:51+00:00","breadcrumb":{"@id":"https:\/\/innosergo.com\/?page_id=426#breadcrumb"},"inLanguage":"fr-FR","potentialAction":[{"@type":"ReadAction","target":["https:\/\/innosergo.com\/?page_id=426"]}]},{"@type":"BreadcrumbList","@id":"https:\/\/innosergo.com\/?page_id=426#breadcrumb","itemListElement":[{"@type":"ListItem","position":1,"name":"Accueil","item":"https:\/\/innosergo.com\/"},{"@type":"ListItem","position":2,"name":"Qui sommes nous ?"}]},{"@type":"WebSite","@id":"https:\/\/innosergo.com\/#website","url":"https:\/\/innosergo.com\/","name":"Innosergo","description":"Let&#039;s go Innosergo","publisher":{"@id":"https:\/\/innosergo.com\/#organization"},"potentialAction":[{"@type":"SearchAction","target":{"@type":"EntryPoint","urlTemplate":"https:\/\/innosergo.com\/?s={search_term_string}"},"query-input":"required name=search_term_string"}],"inLanguage":"fr-FR"},{"@type":"Organization","@id":"https:\/\/innosergo.com\/#organization","name":"Innosergo","url":"https:\/\/innosergo.com\/","logo":{"@type":"ImageObject","inLanguage":"fr-FR","@id":"https:\/\/innosergo.com\/#\/schema\/logo\/image\/","url":"https:\/\/innosergo.com\/wp-content\/uploads\/2022\/08\/innosergo-logo-2020-fond-blanc-avec-baseline.png","contentUrl":"https:\/\/innosergo.com\/wp-content\/uploads\/2022\/08\/innosergo-logo-2020-fond-blanc-avec-baseline.png","width":1546,"height":484,"caption":"Innosergo"},"image":{"@id":"https:\/\/innosergo.com\/#\/schema\/logo\/image\/"}}]}},"_links":{"self":[{"href":"https:\/\/innosergo.com\/index.php?rest_route=\/wp\/v2\/pages\/426"}],"collection":[{"href":"https:\/\/innosergo.com\/index.php?rest_route=\/wp\/v2\/pages"}],"about":[{"href":"https:\/\/innosergo.com\/index.php?rest_route=\/wp\/v2\/types\/page"}],"author":[{"embeddable":true,"href":"https:\/\/innosergo.com\/index.php?rest_route=\/wp\/v2\/users\/2"}],"replies":[{"embeddable":true,"href":"https:\/\/innosergo.com\/index.php?rest_route=%2Fwp%2Fv2%2Fcomments&post=426"}],"version-history":[{"count":14,"href":"https:\/\/innosergo.com\/index.php?rest_route=\/wp\/v2\/pages\/426\/revisions"}],"predecessor-version":[{"id":775,"href":"https:\/\/innosergo.com\/index.php?rest_route=\/wp\/v2\/pages\/426\/revisions\/775"}],"wp:attachment":[{"href":"https:\/\/innosergo.com\/index.php?rest_route=%2Fwp%2Fv2%2Fmedia&parent=426"}],"curies":[{"name":"wp","href":"https:\/\/api.w.org\/{rel}","templated":true}]}}