{"id":464,"date":"2022-09-06T09:59:57","date_gmt":"2022-09-06T09:59:57","guid":{"rendered":"https:\/\/innosergo.com\/?page_id=464"},"modified":"2022-10-20T12:05:06","modified_gmt":"2022-10-20T10:05:06","slug":"innoscore-2","status":"publish","type":"page","link":"https:\/\/innosergo.com\/?page_id=464","title":{"rendered":"Innoscore"},"content":{"rendered":"\n<div class=\"wp-block-cover alignfull is-light\" style=\"min-height:65vh\"><span aria-hidden=\"true\" class=\"wp-block-cover__background has-ast-global-color-0-background-color has-background-dim-20 has-background-dim\"><\/span><img loading=\"lazy\" width=\"1920\" height=\"2560\" class=\"wp-block-cover__image-background wp-image-522\" alt=\"\" src=\"https:\/\/innosergo.com\/wp-content\/uploads\/2022\/09\/IMG_2654-scaled.jpeg\" style=\"object-position:51% 10%\" data-object-fit=\"cover\" data-object-position=\"51% 10%\" srcset=\"https:\/\/innosergo.com\/wp-content\/uploads\/2022\/09\/IMG_2654-scaled.jpeg 1920w, https:\/\/innosergo.com\/wp-content\/uploads\/2022\/09\/IMG_2654-225x300.jpeg 225w, https:\/\/innosergo.com\/wp-content\/uploads\/2022\/09\/IMG_2654-768x1024.jpeg 768w, https:\/\/innosergo.com\/wp-content\/uploads\/2022\/09\/IMG_2654-1152x1536.jpeg 1152w, https:\/\/innosergo.com\/wp-content\/uploads\/2022\/09\/IMG_2654-1536x2048.jpeg 1536w\" sizes=\"(max-width: 1920px) 100vw, 1920px\" \/><div class=\"wp-block-cover__inner-container\">\n<h1 class=\"has-white-color has-text-color\">Innoscore<\/h1>\n<\/div><\/div>\n\n\n\n<h2 class=\"has-text-align-center has-ast-global-color-6-color has-text-color\" id=\"1321182104\">Pack Comp\u00e9tition InnoSCOREet mode LIVE SCORING<\/h2>\n\n\n\n<h4>Une gestion dynamique et digitale des comp\u00e9titions, sur le parcours et en dehors !<\/h4>\n\n\n\n<p>Afin de s&rsquo;adapter aux exigences d&rsquo;un meilleur service, InnoSerGo propose des <strong>forfaits de\u00a0location<\/strong> <br>\u00a0de la solution pour un nombre d\u00e9fini de comp\u00e9titions, ou \u00e9ventuellement pour une dur\u00e9e d\u00e9finie (jusqu&rsquo;\u00e0 un an, sans limite de nombre de comp\u00e9titions).<br>Ce forfait <strong>inclut le pr\u00eat des badges<\/strong> individuels \u00e9lectroniques connect\u00e9s, la pose des antennes relais (antenne principale et antenne back-up), la gestion des donn\u00e9es de la comp\u00e9tition chez InnoSerGo, la mise \u00e0 disposition en <strong>temps r\u00e9el des scores sur internet<\/strong> et bien s\u00fbr la production des feuilles de r\u00e9sultats d\u00e9finitifs, lorsque la derni\u00e8re paire marqueur\/marqu\u00e9 a valid\u00e9 son score.<\/p>\n\n\n\n<figure class=\"wp-block-image size-full\"><img loading=\"lazy\" width=\"772\" height=\"482\" src=\"https:\/\/innosergo.com\/wp-content\/uploads\/2022\/09\/livescoring.png\" alt=\"\" class=\"wp-image-553\" srcset=\"https:\/\/innosergo.com\/wp-content\/uploads\/2022\/09\/livescoring.png 772w, https:\/\/innosergo.com\/wp-content\/uploads\/2022\/09\/livescoring-300x187.png 300w, https:\/\/innosergo.com\/wp-content\/uploads\/2022\/09\/livescoring-768x480.png 768w\" sizes=\"(max-width: 772px) 100vw, 772px\" \/><\/figure>\n\n\n\n<p><strong>Avant le d\u00e9part de comp\u00e9tition<\/strong><br>InnoSerGo confie \u00e0 l&rsquo;exploitant du golf un pack comprenant des badges individuels (avec leur rack de pr\u00e9sentation et sleur syst\u00e8me de rechargement) et les antennes relais autonomes (quantit\u00e9 et positionnement sur le parcours \u00e0 d\u00e9finir ensemble). Depuis <strong>RMS<\/strong> (logiciel de la FFG), le gestionnaire de la comp\u00e9tition exporte la comp\u00e9tition vers InnoSerGo.\u00a0Les badges se mettent \u00e0 jour en <strong>moins d&rsquo;une m<\/strong>inute avec les donn\u00e9es du <strong>joueur et du marqueur<\/strong>, <strong>les coups rendus, l&rsquo;horaire de d\u00e9part&#8230; <\/strong>Cette op\u00e9ration peut \u00eatre renouvel\u00e9e autant de fois que n\u00e9cessaire en cas de modification de derni\u00e8re minute. Seules les parties modifi\u00e9es sont remises \u00e0 jour dans les badges InnoSerGo des joueurs concern\u00e9s.<\/p>\n\n\n\n<p><br><strong>Pendant le jeu<\/strong><br>Apr\u00e8s chaque trou, <strong>le joueur saisit son score et celui du joueur<\/strong> qu&rsquo;il \u00ab\u00a0marque\u00a0\u00bb, \u00e0 l&rsquo;aide du badge InnoSerGo. A tout instant, chaque joueur peut lire sur son bo\u00eetier <strong>la distance qui<\/strong> <strong>le s\u00e9pare du drapeau<\/strong>, <strong>sans plus avoir recours <\/strong>\u00e0 des <strong>jumelles<\/strong> ou \u00e0 une <strong>montre GPS<\/strong>. Les scores sont transmis \u00e0 intervelles r\u00e9guliers au serveur d&rsquo;InnoSerGo, ils sont compar\u00e9s pour pallier le risque d&rsquo;erreur, et publi\u00e9s vers la page web de la comp\u00e9tition. Celle-ci peut \u00eatre affich\u00e9e sur <strong>n&rsquo;importe quel terminal connect\u00e9<\/strong> : t\u00e9l\u00e9phone, ordinateur, \u00e9cran TV au club-house&#8230;<br><br>\u00a0<strong>Apr\u00e8s le jeu<\/strong><br>D\u00e8s que les badges quittent la zone de jeu, InnoSerGo effectue plusieurs contr\u00f4les (exhaustivit\u00e9 de la saisie, coh\u00e9rence entre le score not\u00e9 par le joueur et celui not\u00e9 par son marqueur) et le cas \u00e9ch\u00e9ant envoie un message sur les badges concern\u00e9s en indiquant la liste des corrections \u00e0 apporter.<br><br>Lorsque les scores sont int\u00e9gralement saisis et v\u00e9rifi\u00e9s, ils pourront \u00e0 terme \u00eatre<strong> import\u00e9s dans<\/strong> <strong>RMS<\/strong> pour enregistrement, lorsque la nouvelle version \u00ab\u00a09\u00a0\u00bb sera mise en ligne par la FFG.<\/p>\n\n\n\n<figure class=\"wp-block-image size-large\"><img loading=\"lazy\" width=\"1024\" height=\"768\" src=\"https:\/\/innosergo.com\/wp-content\/uploads\/2022\/09\/IMG_2757-1024x768.jpeg\" alt=\"\" class=\"wp-image-554\" srcset=\"https:\/\/innosergo.com\/wp-content\/uploads\/2022\/09\/IMG_2757-1024x768.jpeg 1024w, https:\/\/innosergo.com\/wp-content\/uploads\/2022\/09\/IMG_2757-300x225.jpeg 300w, https:\/\/innosergo.com\/wp-content\/uploads\/2022\/09\/IMG_2757-768x576.jpeg 768w, https:\/\/innosergo.com\/wp-content\/uploads\/2022\/09\/IMG_2757-1536x1152.jpeg 1536w, https:\/\/innosergo.com\/wp-content\/uploads\/2022\/09\/IMG_2757.jpeg 1920w\" sizes=\"(max-width: 1024px) 100vw, 1024px\" \/><figcaption><strong>&nbsp;A tout moment, les informations sont disponibles sur \u00ab\u00a0scoring.innosergo.com\u00a0\u00bb<\/strong><br>D\u00e8s que les joueurs enregistrent les premiers scores dans les badges, les informations sont transf\u00e9r\u00e9es dans la base de donn\u00e9es InnoserGo et peuvent \u00eatre visualis\u00e9es en&nbsp;<strong>mode live scoring<\/strong>. Les scores provisoires, projet\u00e9s ou d\u00e9finitifs sont accessibles en permanence sur&nbsp;<strong>internet<\/strong>. Des fonctions de tri permettent de distinguer les meilleures performances des joueurs s&rsquo;ils battent le parcours en net et lorsqu&rsquo;ils inscrivent des birdies, voire des eagles&#8230;<\/figcaption><\/figure>\n\n\n\n<figure class=\"wp-block-image size-large\"><img loading=\"lazy\" width=\"1024\" height=\"632\" src=\"https:\/\/innosergo.com\/wp-content\/uploads\/2022\/09\/Imagetype-livescoring-1024x632.png\" alt=\"\" class=\"wp-image-647\" srcset=\"https:\/\/innosergo.com\/wp-content\/uploads\/2022\/09\/Imagetype-livescoring-1024x632.png 1024w, https:\/\/innosergo.com\/wp-content\/uploads\/2022\/09\/Imagetype-livescoring-300x185.png 300w, https:\/\/innosergo.com\/wp-content\/uploads\/2022\/09\/Imagetype-livescoring-768x474.png 768w, https:\/\/innosergo.com\/wp-content\/uploads\/2022\/09\/Imagetype-livescoring.png 1227w\" sizes=\"(max-width: 1024px) 100vw, 1024px\" \/><\/figure>\n","protected":false},"excerpt":{"rendered":"<p>Pack Comp\u00e9tition InnoSCOREet mode LIVE SCORING Une gestion dynamique et digitale des comp\u00e9titions, sur le parcours et en dehors ! Afin de s&rsquo;adapter aux exigences d&rsquo;un meilleur service, InnoSerGo propose des forfaits de\u00a0location \u00a0de la solution pour un nombre d\u00e9fini de comp\u00e9titions, ou \u00e9ventuellement pour une dur\u00e9e d\u00e9finie (jusqu&rsquo;\u00e0 un an, sans limite de nombre &hellip;<\/p>\n<p class=\"read-more\"> <a class=\"\" href=\"https:\/\/innosergo.com\/?page_id=464\"> <span class=\"screen-reader-text\">Innoscore<\/span> Lire la suite\u00a0\u00bb<\/a><\/p>\n","protected":false},"author":2,"featured_media":0,"parent":0,"menu_order":0,"comment_status":"closed","ping_status":"closed","template":"","meta":{"site-sidebar-layout":"no-sidebar","site-content-layout":"plain-container","ast-global-header-display":"","ast-main-header-display":"","ast-hfb-above-header-display":"","ast-hfb-below-header-display":"","ast-hfb-mobile-header-display":"","site-post-title":"disabled","ast-breadcrumbs-content":"","ast-featured-img":"disabled","footer-sml-layout":"","theme-transparent-header-meta":"enabled","adv-header-id-meta":"","stick-header-meta":"","header-above-stick-meta":"","header-main-stick-meta":"","header-below-stick-meta":""},"yoast_head":"<!-- This site is optimized with the Yoast SEO plugin v19.9 - https:\/\/yoast.com\/wordpress\/plugins\/seo\/ -->\n<title>Innoscore - Innosergo<\/title>\n<meta name=\"robots\" content=\"index, follow, max-snippet:-1, max-image-preview:large, max-video-preview:-1\" \/>\n<link rel=\"canonical\" href=\"https:\/\/innosergo.com\/?page_id=464\" \/>\n<meta property=\"og:locale\" content=\"fr_FR\" \/>\n<meta property=\"og:type\" content=\"article\" \/>\n<meta property=\"og:title\" content=\"Innoscore - Innosergo\" \/>\n<meta property=\"og:description\" content=\"Pack Comp\u00e9tition InnoSCOREet mode LIVE SCORING Une gestion dynamique et digitale des comp\u00e9titions, sur le parcours et en dehors ! Afin de s&rsquo;adapter aux exigences d&rsquo;un meilleur service, InnoSerGo propose des forfaits de\u00a0location \u00a0de la solution pour un nombre d\u00e9fini de comp\u00e9titions, ou \u00e9ventuellement pour une dur\u00e9e d\u00e9finie (jusqu&rsquo;\u00e0 un an, sans limite de nombre &hellip; Innoscore Lire la suite\u00a0\u00bb\" \/>\n<meta property=\"og:url\" content=\"https:\/\/innosergo.com\/?page_id=464\" \/>\n<meta property=\"og:site_name\" content=\"Innosergo\" \/>\n<meta property=\"article:modified_time\" content=\"2022-10-20T10:05:06+00:00\" \/>\n<meta property=\"og:image\" content=\"https:\/\/innosergo.com\/wp-content\/uploads\/2022\/09\/IMG_2654-scaled.jpeg\" \/>\n<meta name=\"twitter:card\" content=\"summary_large_image\" \/>\n<meta name=\"twitter:label1\" content=\"Dur\u00e9e de lecture estim\u00e9e\" \/>\n\t<meta name=\"twitter:data1\" content=\"4 minutes\" \/>\n<script type=\"application\/ld+json\" class=\"yoast-schema-graph\">{\"@context\":\"https:\/\/schema.org\",\"@graph\":[{\"@type\":\"WebPage\",\"@id\":\"https:\/\/innosergo.com\/?page_id=464\",\"url\":\"https:\/\/innosergo.com\/?page_id=464\",\"name\":\"Innoscore - Innosergo\",\"isPartOf\":{\"@id\":\"https:\/\/innosergo.com\/#website\"},\"datePublished\":\"2022-09-06T09:59:57+00:00\",\"dateModified\":\"2022-10-20T10:05:06+00:00\",\"breadcrumb\":{\"@id\":\"https:\/\/innosergo.com\/?page_id=464#breadcrumb\"},\"inLanguage\":\"fr-FR\",\"potentialAction\":[{\"@type\":\"ReadAction\",\"target\":[\"https:\/\/innosergo.com\/?page_id=464\"]}]},{\"@type\":\"BreadcrumbList\",\"@id\":\"https:\/\/innosergo.com\/?page_id=464#breadcrumb\",\"itemListElement\":[{\"@type\":\"ListItem\",\"position\":1,\"name\":\"Accueil\",\"item\":\"https:\/\/innosergo.com\/\"},{\"@type\":\"ListItem\",\"position\":2,\"name\":\"Innoscore\"}]},{\"@type\":\"WebSite\",\"@id\":\"https:\/\/innosergo.com\/#website\",\"url\":\"https:\/\/innosergo.com\/\",\"name\":\"Innosergo\",\"description\":\"Let&#039;s go Innosergo\",\"publisher\":{\"@id\":\"https:\/\/innosergo.com\/#organization\"},\"potentialAction\":[{\"@type\":\"SearchAction\",\"target\":{\"@type\":\"EntryPoint\",\"urlTemplate\":\"https:\/\/innosergo.com\/?s={search_term_string}\"},\"query-input\":\"required name=search_term_string\"}],\"inLanguage\":\"fr-FR\"},{\"@type\":\"Organization\",\"@id\":\"https:\/\/innosergo.com\/#organization\",\"name\":\"Innosergo\",\"url\":\"https:\/\/innosergo.com\/\",\"logo\":{\"@type\":\"ImageObject\",\"inLanguage\":\"fr-FR\",\"@id\":\"https:\/\/innosergo.com\/#\/schema\/logo\/image\/\",\"url\":\"https:\/\/innosergo.com\/wp-content\/uploads\/2022\/08\/innosergo-logo-2020-fond-blanc-avec-baseline.png\",\"contentUrl\":\"https:\/\/innosergo.com\/wp-content\/uploads\/2022\/08\/innosergo-logo-2020-fond-blanc-avec-baseline.png\",\"width\":1546,\"height\":484,\"caption\":\"Innosergo\"},\"image\":{\"@id\":\"https:\/\/innosergo.com\/#\/schema\/logo\/image\/\"}}]}<\/script>\n<!-- \/ Yoast SEO plugin. -->","yoast_head_json":{"title":"Innoscore - Innosergo","robots":{"index":"index","follow":"follow","max-snippet":"max-snippet:-1","max-image-preview":"max-image-preview:large","max-video-preview":"max-video-preview:-1"},"canonical":"https:\/\/innosergo.com\/?page_id=464","og_locale":"fr_FR","og_type":"article","og_title":"Innoscore - Innosergo","og_description":"Pack Comp\u00e9tition InnoSCOREet mode LIVE SCORING Une gestion dynamique et digitale des comp\u00e9titions, sur le parcours et en dehors ! Afin de s&rsquo;adapter aux exigences d&rsquo;un meilleur service, InnoSerGo propose des forfaits de\u00a0location \u00a0de la solution pour un nombre d\u00e9fini de comp\u00e9titions, ou \u00e9ventuellement pour une dur\u00e9e d\u00e9finie (jusqu&rsquo;\u00e0 un an, sans limite de nombre &hellip; Innoscore Lire la suite\u00a0\u00bb","og_url":"https:\/\/innosergo.com\/?page_id=464","og_site_name":"Innosergo","article_modified_time":"2022-10-20T10:05:06+00:00","og_image":[{"url":"https:\/\/innosergo.com\/wp-content\/uploads\/2022\/09\/IMG_2654-scaled.jpeg"}],"twitter_card":"summary_large_image","twitter_misc":{"Dur\u00e9e de lecture estim\u00e9e":"4 minutes"},"schema":{"@context":"https:\/\/schema.org","@graph":[{"@type":"WebPage","@id":"https:\/\/innosergo.com\/?page_id=464","url":"https:\/\/innosergo.com\/?page_id=464","name":"Innoscore - Innosergo","isPartOf":{"@id":"https:\/\/innosergo.com\/#website"},"datePublished":"2022-09-06T09:59:57+00:00","dateModified":"2022-10-20T10:05:06+00:00","breadcrumb":{"@id":"https:\/\/innosergo.com\/?page_id=464#breadcrumb"},"inLanguage":"fr-FR","potentialAction":[{"@type":"ReadAction","target":["https:\/\/innosergo.com\/?page_id=464"]}]},{"@type":"BreadcrumbList","@id":"https:\/\/innosergo.com\/?page_id=464#breadcrumb","itemListElement":[{"@type":"ListItem","position":1,"name":"Accueil","item":"https:\/\/innosergo.com\/"},{"@type":"ListItem","position":2,"name":"Innoscore"}]},{"@type":"WebSite","@id":"https:\/\/innosergo.com\/#website","url":"https:\/\/innosergo.com\/","name":"Innosergo","description":"Let&#039;s go Innosergo","publisher":{"@id":"https:\/\/innosergo.com\/#organization"},"potentialAction":[{"@type":"SearchAction","target":{"@type":"EntryPoint","urlTemplate":"https:\/\/innosergo.com\/?s={search_term_string}"},"query-input":"required name=search_term_string"}],"inLanguage":"fr-FR"},{"@type":"Organization","@id":"https:\/\/innosergo.com\/#organization","name":"Innosergo","url":"https:\/\/innosergo.com\/","logo":{"@type":"ImageObject","inLanguage":"fr-FR","@id":"https:\/\/innosergo.com\/#\/schema\/logo\/image\/","url":"https:\/\/innosergo.com\/wp-content\/uploads\/2022\/08\/innosergo-logo-2020-fond-blanc-avec-baseline.png","contentUrl":"https:\/\/innosergo.com\/wp-content\/uploads\/2022\/08\/innosergo-logo-2020-fond-blanc-avec-baseline.png","width":1546,"height":484,"caption":"Innosergo"},"image":{"@id":"https:\/\/innosergo.com\/#\/schema\/logo\/image\/"}}]}},"_links":{"self":[{"href":"https:\/\/innosergo.com\/index.php?rest_route=\/wp\/v2\/pages\/464"}],"collection":[{"href":"https:\/\/innosergo.com\/index.php?rest_route=\/wp\/v2\/pages"}],"about":[{"href":"https:\/\/innosergo.com\/index.php?rest_route=\/wp\/v2\/types\/page"}],"author":[{"embeddable":true,"href":"https:\/\/innosergo.com\/index.php?rest_route=\/wp\/v2\/users\/2"}],"replies":[{"embeddable":true,"href":"https:\/\/innosergo.com\/index.php?rest_route=%2Fwp%2Fv2%2Fcomments&post=464"}],"version-history":[{"count":12,"href":"https:\/\/innosergo.com\/index.php?rest_route=\/wp\/v2\/pages\/464\/revisions"}],"predecessor-version":[{"id":817,"href":"https:\/\/innosergo.com\/index.php?rest_route=\/wp\/v2\/pages\/464\/revisions\/817"}],"wp:attachment":[{"href":"https:\/\/innosergo.com\/index.php?rest_route=%2Fwp%2Fv2%2Fmedia&parent=464"}],"curies":[{"name":"wp","href":"https:\/\/api.w.org\/{rel}","templated":true}]}}