{"id":832,"date":"2022-11-03T11:12:10","date_gmt":"2022-11-03T10:12:10","guid":{"rendered":"https:\/\/innosergo.com\/?page_id=832"},"modified":"2022-11-07T11:00:02","modified_gmt":"2022-11-07T10:00:02","slug":"position-drapeaux","status":"publish","type":"page","link":"https:\/\/innosergo.com\/?page_id=832","title":{"rendered":"Position Drapeaux"},"content":{"rendered":"\n<div class=\"wp-block-cover alignfull is-light\" style=\"min-height:65vh\"><span aria-hidden=\"true\" class=\"wp-block-cover__background has-ast-global-color-0-background-color has-background-dim-20 has-background-dim\"><\/span><img loading=\"lazy\" width=\"850\" height=\"978\" class=\"wp-block-cover__image-background wp-image-876\" alt=\"\" src=\"https:\/\/innosergo.com\/wp-content\/uploads\/2022\/11\/Capture-decran-2022-11-03-a-12.23.41.png\" style=\"object-position:32% 42%\" data-object-fit=\"cover\" data-object-position=\"32% 42%\" srcset=\"https:\/\/innosergo.com\/wp-content\/uploads\/2022\/11\/Capture-decran-2022-11-03-a-12.23.41.png 850w, https:\/\/innosergo.com\/wp-content\/uploads\/2022\/11\/Capture-decran-2022-11-03-a-12.23.41-261x300.png 261w, https:\/\/innosergo.com\/wp-content\/uploads\/2022\/11\/Capture-decran-2022-11-03-a-12.23.41-768x884.png 768w\" sizes=\"(max-width: 850px) 100vw, 850px\" \/><div class=\"wp-block-cover__inner-container\">\n<h1 class=\"has-white-color has-text-color\">Position des Drapeaux <\/h1>\n\n\n\n<p><\/p>\n<\/div><\/div>\n\n\n\n<h4>Sur cette page vous pouvez retrouver toutes les positions des drapeaux des golfs o\u00f9 vous jouez, cela permet de pr\u00e9parer vos comp\u00e9titions et de vous informer sur votre golf.<\/h4>\n\n\n\n<p style=\"font-size:25px\">Choisissez votre parcours : <\/p>\n\n\n\n<div class=\"wp-container-1 wp-block-buttons\">\n<div class=\"wp-block-button\"><a class=\"wp-block-button__link\" href=\"https:\/\/innosergo.com\/?page_id=825\" target=\"_blank\" rel=\"noreferrer noopener\">Golf de isabella <\/a><\/div>\n<\/div>\n\n\n\n<div class=\"wp-container-2 wp-block-buttons\" style=\"margin-top:60px;margin-bottom:60px\">\n<div class=\"wp-block-button\"><a class=\"wp-block-button__link\"><strong>Golf Saint-Quentin-en-Yveline <\/strong>bleu<\/a><\/div>\n<\/div>\n\n\n\n<div class=\"wp-container-3 wp-block-buttons\" style=\"margin-top:60px;margin-bottom:60px\">\n<div class=\"wp-block-button\"><a class=\"wp-block-button__link\"><strong>Golf Saint-Quentin-en-Yveline rouge<\/strong><\/a><\/div>\n<\/div>\n\n\n\n<div class=\"wp-container-4 wp-block-buttons\" style=\"margin-top:60px;margin-bottom:60px\">\n<div class=\"wp-block-button\"><a class=\"wp-block-button__link\" href=\"https:\/\/innosergo.com\/?page_id=942\" target=\"_blank\" rel=\"noreferrer noopener\"><strong>Golf de Villennes-sur-Seine<\/strong><\/a><\/div>\n<\/div>\n\n\n\n<div class=\"wp-container-5 wp-block-buttons\">\n<div class=\"wp-block-button\"><a class=\"wp-block-button__link\"><strong>Golf de Villeray<\/strong><\/a><\/div>\n<\/div>\n\n\n\n<p><\/p>\n\n\n\n<div class=\"inherit-container-width wp-container-10 wp-block-group alignfull has-background\" style=\"background-color:#aeb0ae\"><div class=\"wp-block-group__inner-container\">\n<div class=\"wp-container-9 wp-block-columns\">\n<div class=\"wp-container-8 wp-block-column\">\n<figure class=\"wp-container-7 wp-block-gallery-6 wp-block-gallery has-nested-images columns-default is-cropped\">\n<figure class=\"wp-block-image size-large\"><img loading=\"lazy\" width=\"768\" height=\"1024\" src=\"https:\/\/innosergo.com\/wp-content\/uploads\/2022\/11\/IMG_4029-768x1024.jpeg\" alt=\"\" class=\"wp-image-857\" srcset=\"https:\/\/innosergo.com\/wp-content\/uploads\/2022\/11\/IMG_4029-768x1024.jpeg 768w, https:\/\/innosergo.com\/wp-content\/uploads\/2022\/11\/IMG_4029-225x300.jpeg 225w, https:\/\/innosergo.com\/wp-content\/uploads\/2022\/11\/IMG_4029-1152x1536.jpeg 1152w, https:\/\/innosergo.com\/wp-content\/uploads\/2022\/11\/IMG_4029-1536x2048.jpeg 1536w, https:\/\/innosergo.com\/wp-content\/uploads\/2022\/11\/IMG_4029-scaled.jpeg 1920w\" sizes=\"(max-width: 768px) 100vw, 768px\" \/><\/figure>\n\n\n\n<figure class=\"wp-block-image size-large\"><img loading=\"lazy\" width=\"768\" height=\"1024\" src=\"https:\/\/innosergo.com\/wp-content\/uploads\/2022\/11\/IMG_3180-768x1024.jpeg\" alt=\"\" class=\"wp-image-856\" srcset=\"https:\/\/innosergo.com\/wp-content\/uploads\/2022\/11\/IMG_3180-768x1024.jpeg 768w, https:\/\/innosergo.com\/wp-content\/uploads\/2022\/11\/IMG_3180-225x300.jpeg 225w, https:\/\/innosergo.com\/wp-content\/uploads\/2022\/11\/IMG_3180-1152x1536.jpeg 1152w, https:\/\/innosergo.com\/wp-content\/uploads\/2022\/11\/IMG_3180-1536x2048.jpeg 1536w, https:\/\/innosergo.com\/wp-content\/uploads\/2022\/11\/IMG_3180-scaled.jpeg 1920w\" sizes=\"(max-width: 768px) 100vw, 768px\" \/><\/figure>\n<\/figure>\n<\/div>\n<\/div>\n<\/div><\/div>\n\n\n\n<h2><\/h2>\n","protected":false},"excerpt":{"rendered":"<p>Sur cette page vous pouvez retrouver toutes les positions des drapeaux des golfs o\u00f9 vous jouez, cela permet de pr\u00e9parer vos comp\u00e9titions et de vous informer sur votre golf. Choisissez votre parcours :<\/p>\n","protected":false},"author":2,"featured_media":0,"parent":0,"menu_order":0,"comment_status":"closed","ping_status":"closed","template":"","meta":{"site-sidebar-layout":"no-sidebar","site-content-layout":"plain-container","ast-global-header-display":"","ast-main-header-display":"","ast-hfb-above-header-display":"","ast-hfb-below-header-display":"","ast-hfb-mobile-header-display":"","site-post-title":"disabled","ast-breadcrumbs-content":"","ast-featured-img":"disabled","footer-sml-layout":"","theme-transparent-header-meta":"enabled","adv-header-id-meta":"","stick-header-meta":"","header-above-stick-meta":"","header-main-stick-meta":"","header-below-stick-meta":""},"yoast_head":"<!-- This site is optimized with the Yoast SEO plugin v19.9 - https:\/\/yoast.com\/wordpress\/plugins\/seo\/ -->\n<title>Position Drapeaux - Innosergo<\/title>\n<meta name=\"robots\" content=\"index, follow, max-snippet:-1, max-image-preview:large, max-video-preview:-1\" \/>\n<link rel=\"canonical\" href=\"https:\/\/innosergo.com\/?page_id=832\" \/>\n<meta property=\"og:locale\" content=\"fr_FR\" \/>\n<meta property=\"og:type\" content=\"article\" \/>\n<meta property=\"og:title\" content=\"Position Drapeaux - Innosergo\" \/>\n<meta property=\"og:description\" content=\"Sur cette page vous pouvez retrouver toutes les positions des drapeaux des golfs o\u00f9 vous jouez, cela permet de pr\u00e9parer vos comp\u00e9titions et de vous informer sur votre golf. Choisissez votre parcours :\" \/>\n<meta property=\"og:url\" content=\"https:\/\/innosergo.com\/?page_id=832\" \/>\n<meta property=\"og:site_name\" content=\"Innosergo\" \/>\n<meta property=\"article:modified_time\" content=\"2022-11-07T10:00:02+00:00\" \/>\n<meta property=\"og:image\" content=\"https:\/\/innosergo.com\/wp-content\/uploads\/2022\/11\/Capture-decran-2022-11-03-a-12.23.41.png\" \/>\n<meta name=\"twitter:card\" content=\"summary_large_image\" \/>\n<meta name=\"twitter:label1\" content=\"Dur\u00e9e de lecture estim\u00e9e\" \/>\n\t<meta name=\"twitter:data1\" content=\"1 minute\" \/>\n<script type=\"application\/ld+json\" class=\"yoast-schema-graph\">{\"@context\":\"https:\/\/schema.org\",\"@graph\":[{\"@type\":\"WebPage\",\"@id\":\"https:\/\/innosergo.com\/?page_id=832\",\"url\":\"https:\/\/innosergo.com\/?page_id=832\",\"name\":\"Position Drapeaux - Innosergo\",\"isPartOf\":{\"@id\":\"https:\/\/innosergo.com\/#website\"},\"datePublished\":\"2022-11-03T10:12:10+00:00\",\"dateModified\":\"2022-11-07T10:00:02+00:00\",\"breadcrumb\":{\"@id\":\"https:\/\/innosergo.com\/?page_id=832#breadcrumb\"},\"inLanguage\":\"fr-FR\",\"potentialAction\":[{\"@type\":\"ReadAction\",\"target\":[\"https:\/\/innosergo.com\/?page_id=832\"]}]},{\"@type\":\"BreadcrumbList\",\"@id\":\"https:\/\/innosergo.com\/?page_id=832#breadcrumb\",\"itemListElement\":[{\"@type\":\"ListItem\",\"position\":1,\"name\":\"Accueil\",\"item\":\"https:\/\/innosergo.com\/\"},{\"@type\":\"ListItem\",\"position\":2,\"name\":\"Position Drapeaux\"}]},{\"@type\":\"WebSite\",\"@id\":\"https:\/\/innosergo.com\/#website\",\"url\":\"https:\/\/innosergo.com\/\",\"name\":\"Innosergo\",\"description\":\"Let&#039;s go Innosergo\",\"publisher\":{\"@id\":\"https:\/\/innosergo.com\/#organization\"},\"potentialAction\":[{\"@type\":\"SearchAction\",\"target\":{\"@type\":\"EntryPoint\",\"urlTemplate\":\"https:\/\/innosergo.com\/?s={search_term_string}\"},\"query-input\":\"required name=search_term_string\"}],\"inLanguage\":\"fr-FR\"},{\"@type\":\"Organization\",\"@id\":\"https:\/\/innosergo.com\/#organization\",\"name\":\"Innosergo\",\"url\":\"https:\/\/innosergo.com\/\",\"logo\":{\"@type\":\"ImageObject\",\"inLanguage\":\"fr-FR\",\"@id\":\"https:\/\/innosergo.com\/#\/schema\/logo\/image\/\",\"url\":\"https:\/\/innosergo.com\/wp-content\/uploads\/2022\/08\/innosergo-logo-2020-fond-blanc-avec-baseline.png\",\"contentUrl\":\"https:\/\/innosergo.com\/wp-content\/uploads\/2022\/08\/innosergo-logo-2020-fond-blanc-avec-baseline.png\",\"width\":1546,\"height\":484,\"caption\":\"Innosergo\"},\"image\":{\"@id\":\"https:\/\/innosergo.com\/#\/schema\/logo\/image\/\"}}]}<\/script>\n<!-- \/ Yoast SEO plugin. -->","yoast_head_json":{"title":"Position Drapeaux - Innosergo","robots":{"index":"index","follow":"follow","max-snippet":"max-snippet:-1","max-image-preview":"max-image-preview:large","max-video-preview":"max-video-preview:-1"},"canonical":"https:\/\/innosergo.com\/?page_id=832","og_locale":"fr_FR","og_type":"article","og_title":"Position Drapeaux - Innosergo","og_description":"Sur cette page vous pouvez retrouver toutes les positions des drapeaux des golfs o\u00f9 vous jouez, cela permet de pr\u00e9parer vos comp\u00e9titions et de vous informer sur votre golf. Choisissez votre parcours :","og_url":"https:\/\/innosergo.com\/?page_id=832","og_site_name":"Innosergo","article_modified_time":"2022-11-07T10:00:02+00:00","og_image":[{"url":"https:\/\/innosergo.com\/wp-content\/uploads\/2022\/11\/Capture-decran-2022-11-03-a-12.23.41.png"}],"twitter_card":"summary_large_image","twitter_misc":{"Dur\u00e9e de lecture estim\u00e9e":"1 minute"},"schema":{"@context":"https:\/\/schema.org","@graph":[{"@type":"WebPage","@id":"https:\/\/innosergo.com\/?page_id=832","url":"https:\/\/innosergo.com\/?page_id=832","name":"Position Drapeaux - Innosergo","isPartOf":{"@id":"https:\/\/innosergo.com\/#website"},"datePublished":"2022-11-03T10:12:10+00:00","dateModified":"2022-11-07T10:00:02+00:00","breadcrumb":{"@id":"https:\/\/innosergo.com\/?page_id=832#breadcrumb"},"inLanguage":"fr-FR","potentialAction":[{"@type":"ReadAction","target":["https:\/\/innosergo.com\/?page_id=832"]}]},{"@type":"BreadcrumbList","@id":"https:\/\/innosergo.com\/?page_id=832#breadcrumb","itemListElement":[{"@type":"ListItem","position":1,"name":"Accueil","item":"https:\/\/innosergo.com\/"},{"@type":"ListItem","position":2,"name":"Position Drapeaux"}]},{"@type":"WebSite","@id":"https:\/\/innosergo.com\/#website","url":"https:\/\/innosergo.com\/","name":"Innosergo","description":"Let&#039;s go Innosergo","publisher":{"@id":"https:\/\/innosergo.com\/#organization"},"potentialAction":[{"@type":"SearchAction","target":{"@type":"EntryPoint","urlTemplate":"https:\/\/innosergo.com\/?s={search_term_string}"},"query-input":"required name=search_term_string"}],"inLanguage":"fr-FR"},{"@type":"Organization","@id":"https:\/\/innosergo.com\/#organization","name":"Innosergo","url":"https:\/\/innosergo.com\/","logo":{"@type":"ImageObject","inLanguage":"fr-FR","@id":"https:\/\/innosergo.com\/#\/schema\/logo\/image\/","url":"https:\/\/innosergo.com\/wp-content\/uploads\/2022\/08\/innosergo-logo-2020-fond-blanc-avec-baseline.png","contentUrl":"https:\/\/innosergo.com\/wp-content\/uploads\/2022\/08\/innosergo-logo-2020-fond-blanc-avec-baseline.png","width":1546,"height":484,"caption":"Innosergo"},"image":{"@id":"https:\/\/innosergo.com\/#\/schema\/logo\/image\/"}}]}},"_links":{"self":[{"href":"https:\/\/innosergo.com\/index.php?rest_route=\/wp\/v2\/pages\/832"}],"collection":[{"href":"https:\/\/innosergo.com\/index.php?rest_route=\/wp\/v2\/pages"}],"about":[{"href":"https:\/\/innosergo.com\/index.php?rest_route=\/wp\/v2\/types\/page"}],"author":[{"embeddable":true,"href":"https:\/\/innosergo.com\/index.php?rest_route=\/wp\/v2\/users\/2"}],"replies":[{"embeddable":true,"href":"https:\/\/innosergo.com\/index.php?rest_route=%2Fwp%2Fv2%2Fcomments&post=832"}],"version-history":[{"count":24,"href":"https:\/\/innosergo.com\/index.php?rest_route=\/wp\/v2\/pages\/832\/revisions"}],"predecessor-version":[{"id":1003,"href":"https:\/\/innosergo.com\/index.php?rest_route=\/wp\/v2\/pages\/832\/revisions\/1003"}],"wp:attachment":[{"href":"https:\/\/innosergo.com\/index.php?rest_route=%2Fwp%2Fv2%2Fmedia&parent=832"}],"curies":[{"name":"wp","href":"https:\/\/api.w.org\/{rel}","templated":true}]}}