{"id":836,"date":"2022-11-03T11:29:15","date_gmt":"2022-11-03T10:29:15","guid":{"rendered":"https:\/\/innosergo.com\/?page_id=836"},"modified":"2022-11-07T10:54:37","modified_gmt":"2022-11-07T09:54:37","slug":"scores-et-drapeaux","status":"publish","type":"page","link":"https:\/\/innosergo.com\/?page_id=836","title":{"rendered":"Scores et Drapeaux"},"content":{"rendered":"\n<div class=\"wp-block-cover alignfull is-light\" style=\"min-height:65vh\"><span aria-hidden=\"true\" class=\"wp-block-cover__background has-ast-global-color-0-background-color has-background-dim-20 has-background-dim\"><\/span><img loading=\"lazy\" width=\"1920\" height=\"1440\" class=\"wp-block-cover__image-background wp-image-554\" alt=\"\" src=\"https:\/\/innosergo.com\/wp-content\/uploads\/2022\/09\/IMG_2757.jpeg\" style=\"object-position:35% 41%\" data-object-fit=\"cover\" data-object-position=\"35% 41%\" srcset=\"https:\/\/innosergo.com\/wp-content\/uploads\/2022\/09\/IMG_2757.jpeg 1920w, https:\/\/innosergo.com\/wp-content\/uploads\/2022\/09\/IMG_2757-300x225.jpeg 300w, https:\/\/innosergo.com\/wp-content\/uploads\/2022\/09\/IMG_2757-1024x768.jpeg 1024w, https:\/\/innosergo.com\/wp-content\/uploads\/2022\/09\/IMG_2757-768x576.jpeg 768w, https:\/\/innosergo.com\/wp-content\/uploads\/2022\/09\/IMG_2757-1536x1152.jpeg 1536w\" sizes=\"(max-width: 1920px) 100vw, 1920px\" \/><div class=\"wp-block-cover__inner-container\">\n<h1 class=\"has-white-color has-text-color\">Score et Drapeaux<\/h1>\n\n\n\n<p><\/p>\n<\/div><\/div>\n\n\n\n<h2 style=\"line-height:3\">Score et Drapeaux <\/h2>\n\n\n\n<h3>Gr\u00e2ce a Innosergo, vous avez des<strong> informations suppl\u00e9mentaire<\/strong>s lors de vos comp\u00e9titions ou de vos parties de golf.<\/h3>\n\n\n\n<h3><strong>Pour les golfeurs :<\/strong><br>&#8211; Les r\u00e9sultats en direct de vos comp\u00e9titions, que vous soyez sur le terrain ou chez vous.<br>&#8211; Les position pr\u00e9cises des drapeaux, que vous soyez en comp\u00e9tition ou non.<br><br><br><strong>Pour les golfs<\/strong> :<br>Le positionnement des joueurs sur le parcours en direct <\/h3>\n\n\n\n<p><\/p>\n\n\n\n<h3>Choisissez la partie qui vous convient : <\/h3>\n\n\n\n<h4><strong>Innoscore <\/strong>: Donn\u00e9es et suivi en live des comp\u00e9titions<\/h4>\n\n\n\n<h4><strong>Innoflag <\/strong>: Donn\u00e9es topographiques des parcours<\/h4>\n\n\n\n<div class=\"wp-container-1 wp-block-buttons\">\n<div class=\"wp-block-button\"><a class=\"wp-block-button__link\" href=\"https:\/\/innosergo.com\/?page_id=832\">Innoflag<\/a><\/div>\n<\/div>\n\n\n\n<h4><strong>Innoflow :<\/strong> Donn\u00e9es dynamiques de fr\u00e9quentation des parcours<\/h4>\n\n\n\n<h2>Bonne partie !<\/h2>\n\n\n\n<figure class=\"wp-container-3 wp-block-gallery-2 wp-block-gallery has-nested-images columns-default is-cropped\">\n<figure class=\"wp-block-image size-large\"><img loading=\"lazy\" width=\"1920\" height=\"2560\" data-id=\"865\"  src=\"https:\/\/innosergo.com\/wp-content\/uploads\/2022\/11\/IMG_1999-scaled.jpeg\" alt=\"pr\u00e9paration tir olivier golf \" class=\"wp-image-865\" srcset=\"https:\/\/innosergo.com\/wp-content\/uploads\/2022\/11\/IMG_1999-scaled.jpeg 1920w, https:\/\/innosergo.com\/wp-content\/uploads\/2022\/11\/IMG_1999-225x300.jpeg 225w, https:\/\/innosergo.com\/wp-content\/uploads\/2022\/11\/IMG_1999-768x1024.jpeg 768w, https:\/\/innosergo.com\/wp-content\/uploads\/2022\/11\/IMG_1999-1152x1536.jpeg 1152w, https:\/\/innosergo.com\/wp-content\/uploads\/2022\/11\/IMG_1999-1536x2048.jpeg 1536w\" sizes=\"(max-width: 1920px) 100vw, 1920px\" \/><\/figure>\n\n\n\n<figure class=\"wp-block-image size-large\"><img loading=\"lazy\" width=\"1920\" height=\"2560\" data-id=\"866\"  src=\"https:\/\/innosergo.com\/wp-content\/uploads\/2022\/11\/IMG_2010-scaled.jpeg\" alt=\"pr\u00e9paration tir Arnaud golf \" class=\"wp-image-866\" srcset=\"https:\/\/innosergo.com\/wp-content\/uploads\/2022\/11\/IMG_2010-scaled.jpeg 1920w, https:\/\/innosergo.com\/wp-content\/uploads\/2022\/11\/IMG_2010-225x300.jpeg 225w, https:\/\/innosergo.com\/wp-content\/uploads\/2022\/11\/IMG_2010-768x1024.jpeg 768w, https:\/\/innosergo.com\/wp-content\/uploads\/2022\/11\/IMG_2010-1152x1536.jpeg 1152w, https:\/\/innosergo.com\/wp-content\/uploads\/2022\/11\/IMG_2010-1536x2048.jpeg 1536w\" sizes=\"(max-width: 1920px) 100vw, 1920px\" \/><\/figure>\n\n\n\n<figure class=\"wp-block-image size-large\"><img loading=\"lazy\" width=\"1920\" height=\"2560\" data-id=\"867\"  src=\"https:\/\/innosergo.com\/wp-content\/uploads\/2022\/11\/IMG_2455-scaled.jpeg\" alt=\"putting golf olivier \" class=\"wp-image-867\" srcset=\"https:\/\/innosergo.com\/wp-content\/uploads\/2022\/11\/IMG_2455-scaled.jpeg 1920w, https:\/\/innosergo.com\/wp-content\/uploads\/2022\/11\/IMG_2455-225x300.jpeg 225w, https:\/\/innosergo.com\/wp-content\/uploads\/2022\/11\/IMG_2455-768x1024.jpeg 768w, https:\/\/innosergo.com\/wp-content\/uploads\/2022\/11\/IMG_2455-1152x1536.jpeg 1152w, https:\/\/innosergo.com\/wp-content\/uploads\/2022\/11\/IMG_2455-1536x2048.jpeg 1536w\" sizes=\"(max-width: 1920px) 100vw, 1920px\" \/><\/figure>\n<\/figure>\n","protected":false},"excerpt":{"rendered":"<p>Score et Drapeaux Gr\u00e2ce a Innosergo, vous avez des informations suppl\u00e9mentaires lors de vos comp\u00e9titions ou de vos parties de golf. Pour les golfeurs :&#8211; Les r\u00e9sultats en direct de vos comp\u00e9titions, que vous soyez sur le terrain ou chez vous.&#8211; Les position pr\u00e9cises des drapeaux, que vous soyez en comp\u00e9tition ou non. Pour les &hellip;<\/p>\n<p class=\"read-more\"> <a class=\"\" href=\"https:\/\/innosergo.com\/?page_id=836\"> <span class=\"screen-reader-text\">Scores et Drapeaux<\/span> Lire la suite\u00a0\u00bb<\/a><\/p>\n","protected":false},"author":2,"featured_media":0,"parent":0,"menu_order":0,"comment_status":"closed","ping_status":"closed","template":"","meta":{"site-sidebar-layout":"no-sidebar","site-content-layout":"plain-container","ast-global-header-display":"","ast-main-header-display":"","ast-hfb-above-header-display":"","ast-hfb-below-header-display":"","ast-hfb-mobile-header-display":"","site-post-title":"disabled","ast-breadcrumbs-content":"","ast-featured-img":"disabled","footer-sml-layout":"","theme-transparent-header-meta":"enabled","adv-header-id-meta":"","stick-header-meta":"","header-above-stick-meta":"","header-main-stick-meta":"","header-below-stick-meta":""},"yoast_head":"<!-- This site is optimized with the Yoast SEO plugin v19.9 - https:\/\/yoast.com\/wordpress\/plugins\/seo\/ -->\n<title>Scores et Drapeaux - Innosergo<\/title>\n<meta name=\"robots\" content=\"index, follow, max-snippet:-1, max-image-preview:large, max-video-preview:-1\" \/>\n<link rel=\"canonical\" href=\"https:\/\/innosergo.com\/?page_id=836\" \/>\n<meta property=\"og:locale\" content=\"fr_FR\" \/>\n<meta property=\"og:type\" content=\"article\" \/>\n<meta property=\"og:title\" content=\"Scores et Drapeaux - Innosergo\" \/>\n<meta property=\"og:description\" content=\"Score et Drapeaux Gr\u00e2ce a Innosergo, vous avez des informations suppl\u00e9mentaires lors de vos comp\u00e9titions ou de vos parties de golf. Pour les golfeurs :&#8211; Les r\u00e9sultats en direct de vos comp\u00e9titions, que vous soyez sur le terrain ou chez vous.&#8211; Les position pr\u00e9cises des drapeaux, que vous soyez en comp\u00e9tition ou non. Pour les &hellip; Scores et Drapeaux Lire la suite\u00a0\u00bb\" \/>\n<meta property=\"og:url\" content=\"https:\/\/innosergo.com\/?page_id=836\" \/>\n<meta property=\"og:site_name\" content=\"Innosergo\" \/>\n<meta property=\"article:modified_time\" content=\"2022-11-07T09:54:37+00:00\" \/>\n<meta property=\"og:image\" content=\"https:\/\/innosergo.com\/wp-content\/uploads\/2022\/09\/IMG_2757.jpeg\" \/>\n<meta name=\"twitter:card\" content=\"summary_large_image\" \/>\n<meta name=\"twitter:label1\" content=\"Dur\u00e9e de lecture estim\u00e9e\" \/>\n\t<meta name=\"twitter:data1\" content=\"2 minutes\" \/>\n<script type=\"application\/ld+json\" class=\"yoast-schema-graph\">{\"@context\":\"https:\/\/schema.org\",\"@graph\":[{\"@type\":\"WebPage\",\"@id\":\"https:\/\/innosergo.com\/?page_id=836\",\"url\":\"https:\/\/innosergo.com\/?page_id=836\",\"name\":\"Scores et Drapeaux - Innosergo\",\"isPartOf\":{\"@id\":\"https:\/\/innosergo.com\/#website\"},\"datePublished\":\"2022-11-03T10:29:15+00:00\",\"dateModified\":\"2022-11-07T09:54:37+00:00\",\"breadcrumb\":{\"@id\":\"https:\/\/innosergo.com\/?page_id=836#breadcrumb\"},\"inLanguage\":\"fr-FR\",\"potentialAction\":[{\"@type\":\"ReadAction\",\"target\":[\"https:\/\/innosergo.com\/?page_id=836\"]}]},{\"@type\":\"BreadcrumbList\",\"@id\":\"https:\/\/innosergo.com\/?page_id=836#breadcrumb\",\"itemListElement\":[{\"@type\":\"ListItem\",\"position\":1,\"name\":\"Accueil\",\"item\":\"https:\/\/innosergo.com\/\"},{\"@type\":\"ListItem\",\"position\":2,\"name\":\"Scores et Drapeaux\"}]},{\"@type\":\"WebSite\",\"@id\":\"https:\/\/innosergo.com\/#website\",\"url\":\"https:\/\/innosergo.com\/\",\"name\":\"Innosergo\",\"description\":\"Let&#039;s go Innosergo\",\"publisher\":{\"@id\":\"https:\/\/innosergo.com\/#organization\"},\"potentialAction\":[{\"@type\":\"SearchAction\",\"target\":{\"@type\":\"EntryPoint\",\"urlTemplate\":\"https:\/\/innosergo.com\/?s={search_term_string}\"},\"query-input\":\"required name=search_term_string\"}],\"inLanguage\":\"fr-FR\"},{\"@type\":\"Organization\",\"@id\":\"https:\/\/innosergo.com\/#organization\",\"name\":\"Innosergo\",\"url\":\"https:\/\/innosergo.com\/\",\"logo\":{\"@type\":\"ImageObject\",\"inLanguage\":\"fr-FR\",\"@id\":\"https:\/\/innosergo.com\/#\/schema\/logo\/image\/\",\"url\":\"https:\/\/innosergo.com\/wp-content\/uploads\/2022\/08\/innosergo-logo-2020-fond-blanc-avec-baseline.png\",\"contentUrl\":\"https:\/\/innosergo.com\/wp-content\/uploads\/2022\/08\/innosergo-logo-2020-fond-blanc-avec-baseline.png\",\"width\":1546,\"height\":484,\"caption\":\"Innosergo\"},\"image\":{\"@id\":\"https:\/\/innosergo.com\/#\/schema\/logo\/image\/\"}}]}<\/script>\n<!-- \/ Yoast SEO plugin. -->","yoast_head_json":{"title":"Scores et Drapeaux - Innosergo","robots":{"index":"index","follow":"follow","max-snippet":"max-snippet:-1","max-image-preview":"max-image-preview:large","max-video-preview":"max-video-preview:-1"},"canonical":"https:\/\/innosergo.com\/?page_id=836","og_locale":"fr_FR","og_type":"article","og_title":"Scores et Drapeaux - Innosergo","og_description":"Score et Drapeaux Gr\u00e2ce a Innosergo, vous avez des informations suppl\u00e9mentaires lors de vos comp\u00e9titions ou de vos parties de golf. Pour les golfeurs :&#8211; Les r\u00e9sultats en direct de vos comp\u00e9titions, que vous soyez sur le terrain ou chez vous.&#8211; Les position pr\u00e9cises des drapeaux, que vous soyez en comp\u00e9tition ou non. Pour les &hellip; Scores et Drapeaux Lire la suite\u00a0\u00bb","og_url":"https:\/\/innosergo.com\/?page_id=836","og_site_name":"Innosergo","article_modified_time":"2022-11-07T09:54:37+00:00","og_image":[{"url":"https:\/\/innosergo.com\/wp-content\/uploads\/2022\/09\/IMG_2757.jpeg"}],"twitter_card":"summary_large_image","twitter_misc":{"Dur\u00e9e de lecture estim\u00e9e":"2 minutes"},"schema":{"@context":"https:\/\/schema.org","@graph":[{"@type":"WebPage","@id":"https:\/\/innosergo.com\/?page_id=836","url":"https:\/\/innosergo.com\/?page_id=836","name":"Scores et Drapeaux - Innosergo","isPartOf":{"@id":"https:\/\/innosergo.com\/#website"},"datePublished":"2022-11-03T10:29:15+00:00","dateModified":"2022-11-07T09:54:37+00:00","breadcrumb":{"@id":"https:\/\/innosergo.com\/?page_id=836#breadcrumb"},"inLanguage":"fr-FR","potentialAction":[{"@type":"ReadAction","target":["https:\/\/innosergo.com\/?page_id=836"]}]},{"@type":"BreadcrumbList","@id":"https:\/\/innosergo.com\/?page_id=836#breadcrumb","itemListElement":[{"@type":"ListItem","position":1,"name":"Accueil","item":"https:\/\/innosergo.com\/"},{"@type":"ListItem","position":2,"name":"Scores et Drapeaux"}]},{"@type":"WebSite","@id":"https:\/\/innosergo.com\/#website","url":"https:\/\/innosergo.com\/","name":"Innosergo","description":"Let&#039;s go Innosergo","publisher":{"@id":"https:\/\/innosergo.com\/#organization"},"potentialAction":[{"@type":"SearchAction","target":{"@type":"EntryPoint","urlTemplate":"https:\/\/innosergo.com\/?s={search_term_string}"},"query-input":"required name=search_term_string"}],"inLanguage":"fr-FR"},{"@type":"Organization","@id":"https:\/\/innosergo.com\/#organization","name":"Innosergo","url":"https:\/\/innosergo.com\/","logo":{"@type":"ImageObject","inLanguage":"fr-FR","@id":"https:\/\/innosergo.com\/#\/schema\/logo\/image\/","url":"https:\/\/innosergo.com\/wp-content\/uploads\/2022\/08\/innosergo-logo-2020-fond-blanc-avec-baseline.png","contentUrl":"https:\/\/innosergo.com\/wp-content\/uploads\/2022\/08\/innosergo-logo-2020-fond-blanc-avec-baseline.png","width":1546,"height":484,"caption":"Innosergo"},"image":{"@id":"https:\/\/innosergo.com\/#\/schema\/logo\/image\/"}}]}},"_links":{"self":[{"href":"https:\/\/innosergo.com\/index.php?rest_route=\/wp\/v2\/pages\/836"}],"collection":[{"href":"https:\/\/innosergo.com\/index.php?rest_route=\/wp\/v2\/pages"}],"about":[{"href":"https:\/\/innosergo.com\/index.php?rest_route=\/wp\/v2\/types\/page"}],"author":[{"embeddable":true,"href":"https:\/\/innosergo.com\/index.php?rest_route=\/wp\/v2\/users\/2"}],"replies":[{"embeddable":true,"href":"https:\/\/innosergo.com\/index.php?rest_route=%2Fwp%2Fv2%2Fcomments&post=836"}],"version-history":[{"count":25,"href":"https:\/\/innosergo.com\/index.php?rest_route=\/wp\/v2\/pages\/836\/revisions"}],"predecessor-version":[{"id":998,"href":"https:\/\/innosergo.com\/index.php?rest_route=\/wp\/v2\/pages\/836\/revisions\/998"}],"wp:attachment":[{"href":"https:\/\/innosergo.com\/index.php?rest_route=%2Fwp%2Fv2%2Fmedia&parent=836"}],"curies":[{"name":"wp","href":"https:\/\/api.w.org\/{rel}","templated":true}]}}